{"id":4530,"date":"2025-06-23T17:36:08","date_gmt":"2025-06-23T15:36:08","guid":{"rendered":"https:\/\/dubuis-rudaz.ch\/?post_type=product&#038;p=4530"},"modified":"2025-06-24T12:26:03","modified_gmt":"2025-06-24T10:26:03","slug":"terres-blanches-cuvee-caroline-dubuis-naitre-de-la-terre-aoc-vs-2022","status":"publish","type":"product","link":"https:\/\/dubuis-rudaz.ch\/it\/prodotto\/terres-blanches-cuvee-caroline-dubuis-naitre-de-la-terre-aoc-vs-2022\/","title":{"rendered":"Terres Blanches Cuv\u00e9e Caroline Dubuis *Nati dalla Terra* AOC VS 2022"},"content":{"rendered":"<h2><strong>Degustazione<\/strong><\/h2>\n<ul>\n<li><strong><strong><strong><strong><strong>Naso : <\/strong><\/strong><\/strong><\/strong><\/strong>Profumo di agrumi e limone. Con una nota floreale.<\/li>\n<li><strong>Palazzo<\/strong> : Attacco al palato secco, vivace e fruttato, bella freschezza con agrumi sul finale. Vino molto piacevole.<\/li>\n<li><strong>Accompagnamento\u00a0<\/strong>: Compagno ideale per i vostri aperitivi, pesce e crostacei.<\/li>\n<li><strong>Dati : <\/strong>Alcol 12,9 % vol., produzione 1 kg per m\u00b2. Contiene solfiti.<\/li>\n<li>Temperatura di servizio 8-10\u00b0.<\/li>\n<\/ul>","protected":false},"excerpt":{"rendered":"<p>Blend di Pa\u00efen, Pinot Bianco e Gew\u00fcrztraminer<\/p>\n<hr \/>\n<p>&nbsp;<\/p>","protected":false},"featured_media":4536,"template":"","meta":{"_et_pb_use_builder":"","_et_pb_old_content":"","_et_gb_content_width":""},"product_brand":[],"product_cat":[70,66,68,69],"product_tag":[],"class_list":{"0":"post-4530","1":"product","2":"type-product","3":"status-publish","4":"has-post-thumbnail","6":"product_cat-assemblage-blanc","7":"product_cat-gewurztraminer","8":"product_cat-heida-paien","9":"product_cat-pinot-blanc","11":"first","12":"instock","13":"taxable","14":"shipping-taxable","15":"purchasable","16":"product-type-variable","17":"has-default-attributes"},"yoast_head":"<!-- This site is optimized with the Yoast SEO plugin v27.4 - https:\/\/yoast.com\/product\/yoast-seo-wordpress\/ -->\n<title>Terres Blanches Cuv\u00e9e Caroline Dubuis *Na\u00eetre de la Terre* AOC VS 2022 - Dubuis Rudaz - Sion<\/title>\n<meta name=\"robots\" content=\"index, follow, max-snippet:-1, max-image-preview:large, max-video-preview:-1\" \/>\n<link rel=\"canonical\" href=\"https:\/\/dubuis-rudaz.ch\/it\/prodotto\/terres-blanches-cuvee-caroline-dubuis-naitre-de-la-terre-aoc-vs-2022\/\" \/>\n<meta property=\"og:locale\" content=\"it_IT\" \/>\n<meta property=\"og:type\" content=\"article\" \/>\n<meta property=\"og:title\" content=\"Terres Blanches Cuv\u00e9e Caroline Dubuis *Na\u00eetre de la Terre* AOC VS 2022 - Dubuis Rudaz - Sion\" \/>\n<meta property=\"og:description\" content=\"Assemblage de Pa\u00efen, Pinot Blanc et Gew\u00fcrztraminer    &nbsp;\" \/>\n<meta property=\"og:url\" content=\"https:\/\/dubuis-rudaz.ch\/it\/prodotto\/terres-blanches-cuvee-caroline-dubuis-naitre-de-la-terre-aoc-vs-2022\/\" \/>\n<meta property=\"og:site_name\" content=\"Dubuis Rudaz - Sion\" \/>\n<meta property=\"article:modified_time\" content=\"2025-06-24T10:26:03+00:00\" \/>\n<meta property=\"og:image\" content=\"https:\/\/dubuis-rudaz.ch\/wp-content\/uploads\/2025\/06\/terres-blanches-dec.jpg\" \/>\n\t<meta property=\"og:image:width\" content=\"126\" \/>\n\t<meta property=\"og:image:height\" content=\"488\" \/>\n\t<meta property=\"og:image:type\" content=\"image\/jpeg\" \/>\n<meta name=\"twitter:card\" content=\"summary_large_image\" \/>\n<meta name=\"twitter:label1\" content=\"Tempo di lettura stimato\" \/>\n\t<meta name=\"twitter:data1\" content=\"1 minuto\" \/>\n<script type=\"application\/ld+json\" class=\"yoast-schema-graph\">{\"@context\":\"https:\\\/\\\/schema.org\",\"@graph\":[{\"@type\":\"WebPage\",\"@id\":\"https:\\\/\\\/dubuis-rudaz.ch\\\/produit\\\/terres-blanches-cuvee-caroline-dubuis-naitre-de-la-terre-aoc-vs-2022\\\/\",\"url\":\"https:\\\/\\\/dubuis-rudaz.ch\\\/produit\\\/terres-blanches-cuvee-caroline-dubuis-naitre-de-la-terre-aoc-vs-2022\\\/\",\"name\":\"Terres Blanches Cuv\u00e9e Caroline Dubuis *Na\u00eetre de la Terre* AOC VS 2022 - Dubuis Rudaz - Sion\",\"isPartOf\":{\"@id\":\"https:\\\/\\\/dubuis-rudaz.ch\\\/#website\"},\"primaryImageOfPage\":{\"@id\":\"https:\\\/\\\/dubuis-rudaz.ch\\\/produit\\\/terres-blanches-cuvee-caroline-dubuis-naitre-de-la-terre-aoc-vs-2022\\\/#primaryimage\"},\"image\":{\"@id\":\"https:\\\/\\\/dubuis-rudaz.ch\\\/produit\\\/terres-blanches-cuvee-caroline-dubuis-naitre-de-la-terre-aoc-vs-2022\\\/#primaryimage\"},\"thumbnailUrl\":\"https:\\\/\\\/dubuis-rudaz.ch\\\/wp-content\\\/uploads\\\/2025\\\/06\\\/terres-blanches-dec.jpg\",\"datePublished\":\"2025-06-23T15:36:08+00:00\",\"dateModified\":\"2025-06-24T10:26:03+00:00\",\"breadcrumb\":{\"@id\":\"https:\\\/\\\/dubuis-rudaz.ch\\\/produit\\\/terres-blanches-cuvee-caroline-dubuis-naitre-de-la-terre-aoc-vs-2022\\\/#breadcrumb\"},\"inLanguage\":\"it-IT\",\"potentialAction\":[{\"@type\":\"ReadAction\",\"target\":[\"https:\\\/\\\/dubuis-rudaz.ch\\\/produit\\\/terres-blanches-cuvee-caroline-dubuis-naitre-de-la-terre-aoc-vs-2022\\\/\"]}]},{\"@type\":\"ImageObject\",\"inLanguage\":\"it-IT\",\"@id\":\"https:\\\/\\\/dubuis-rudaz.ch\\\/produit\\\/terres-blanches-cuvee-caroline-dubuis-naitre-de-la-terre-aoc-vs-2022\\\/#primaryimage\",\"url\":\"https:\\\/\\\/dubuis-rudaz.ch\\\/wp-content\\\/uploads\\\/2025\\\/06\\\/terres-blanches-dec.jpg\",\"contentUrl\":\"https:\\\/\\\/dubuis-rudaz.ch\\\/wp-content\\\/uploads\\\/2025\\\/06\\\/terres-blanches-dec.jpg\",\"width\":126,\"height\":488},{\"@type\":\"BreadcrumbList\",\"@id\":\"https:\\\/\\\/dubuis-rudaz.ch\\\/produit\\\/terres-blanches-cuvee-caroline-dubuis-naitre-de-la-terre-aoc-vs-2022\\\/#breadcrumb\",\"itemListElement\":[{\"@type\":\"ListItem\",\"position\":1,\"name\":\"Accueil\",\"item\":\"https:\\\/\\\/dubuis-rudaz.ch\\\/\"},{\"@type\":\"ListItem\",\"position\":2,\"name\":\"shop\",\"item\":\"https:\\\/\\\/dubuis-rudaz.ch\\\/shop\\\/\"},{\"@type\":\"ListItem\",\"position\":3,\"name\":\"Terres Blanches Cuv\u00e9e Caroline Dubuis *Na\u00eetre de la Terre* AOC VS 2022\"}]},{\"@type\":\"WebSite\",\"@id\":\"https:\\\/\\\/dubuis-rudaz.ch\\\/#website\",\"url\":\"https:\\\/\\\/dubuis-rudaz.ch\\\/\",\"name\":\"Dubuis Rudaz - Sion\",\"description\":\"Vigneron encaveur valaisans depuis 1986\",\"publisher\":{\"@id\":\"https:\\\/\\\/dubuis-rudaz.ch\\\/#organization\"},\"potentialAction\":[{\"@type\":\"SearchAction\",\"target\":{\"@type\":\"EntryPoint\",\"urlTemplate\":\"https:\\\/\\\/dubuis-rudaz.ch\\\/?s={search_term_string}\"},\"query-input\":{\"@type\":\"PropertyValueSpecification\",\"valueRequired\":true,\"valueName\":\"search_term_string\"}}],\"inLanguage\":\"it-IT\"},{\"@type\":\"Organization\",\"@id\":\"https:\\\/\\\/dubuis-rudaz.ch\\\/#organization\",\"name\":\"Dubuis Rudaz Vins - Sion\",\"url\":\"https:\\\/\\\/dubuis-rudaz.ch\\\/\",\"logo\":{\"@type\":\"ImageObject\",\"inLanguage\":\"it-IT\",\"@id\":\"https:\\\/\\\/dubuis-rudaz.ch\\\/#\\\/schema\\\/logo\\\/image\\\/\",\"url\":\"https:\\\/\\\/dubuis-rudaz.ch\\\/wp-content\\\/uploads\\\/2021\\\/08\\\/favicon.png\",\"contentUrl\":\"https:\\\/\\\/dubuis-rudaz.ch\\\/wp-content\\\/uploads\\\/2021\\\/08\\\/favicon.png\",\"width\":501,\"height\":501,\"caption\":\"Dubuis Rudaz Vins - Sion\"},\"image\":{\"@id\":\"https:\\\/\\\/dubuis-rudaz.ch\\\/#\\\/schema\\\/logo\\\/image\\\/\"}}]}<\/script>\n<!-- \/ Yoast SEO plugin. -->","yoast_head_json":{"title":"Terres Blanches Cuv\u00e9e Caroline Dubuis *Na\u00eetre de la Terre* AOC VS 2022 - Dubuis Rudaz - Sion","robots":{"index":"index","follow":"follow","max-snippet":"max-snippet:-1","max-image-preview":"max-image-preview:large","max-video-preview":"max-video-preview:-1"},"canonical":"https:\/\/dubuis-rudaz.ch\/it\/prodotto\/terres-blanches-cuvee-caroline-dubuis-naitre-de-la-terre-aoc-vs-2022\/","og_locale":"it_IT","og_type":"article","og_title":"Terres Blanches Cuv\u00e9e Caroline Dubuis *Na\u00eetre de la Terre* AOC VS 2022 - Dubuis Rudaz - Sion","og_description":"Assemblage de Pa\u00efen, Pinot Blanc et Gew\u00fcrztraminer    &nbsp;","og_url":"https:\/\/dubuis-rudaz.ch\/it\/prodotto\/terres-blanches-cuvee-caroline-dubuis-naitre-de-la-terre-aoc-vs-2022\/","og_site_name":"Dubuis Rudaz - Sion","article_modified_time":"2025-06-24T10:26:03+00:00","og_image":[{"width":126,"height":488,"url":"https:\/\/dubuis-rudaz.ch\/wp-content\/uploads\/2025\/06\/terres-blanches-dec.jpg","type":"image\/jpeg"}],"twitter_card":"summary_large_image","twitter_misc":{"Tempo di lettura stimato":"1 minuto"},"schema":{"@context":"https:\/\/schema.org","@graph":[{"@type":"WebPage","@id":"https:\/\/dubuis-rudaz.ch\/produit\/terres-blanches-cuvee-caroline-dubuis-naitre-de-la-terre-aoc-vs-2022\/","url":"https:\/\/dubuis-rudaz.ch\/produit\/terres-blanches-cuvee-caroline-dubuis-naitre-de-la-terre-aoc-vs-2022\/","name":"Terres Blanches Cuv\u00e9e Caroline Dubuis *Na\u00eetre de la Terre* AOC VS 2022 - Dubuis Rudaz - Sion","isPartOf":{"@id":"https:\/\/dubuis-rudaz.ch\/#website"},"primaryImageOfPage":{"@id":"https:\/\/dubuis-rudaz.ch\/produit\/terres-blanches-cuvee-caroline-dubuis-naitre-de-la-terre-aoc-vs-2022\/#primaryimage"},"image":{"@id":"https:\/\/dubuis-rudaz.ch\/produit\/terres-blanches-cuvee-caroline-dubuis-naitre-de-la-terre-aoc-vs-2022\/#primaryimage"},"thumbnailUrl":"https:\/\/dubuis-rudaz.ch\/wp-content\/uploads\/2025\/06\/terres-blanches-dec.jpg","datePublished":"2025-06-23T15:36:08+00:00","dateModified":"2025-06-24T10:26:03+00:00","breadcrumb":{"@id":"https:\/\/dubuis-rudaz.ch\/produit\/terres-blanches-cuvee-caroline-dubuis-naitre-de-la-terre-aoc-vs-2022\/#breadcrumb"},"inLanguage":"it-IT","potentialAction":[{"@type":"ReadAction","target":["https:\/\/dubuis-rudaz.ch\/produit\/terres-blanches-cuvee-caroline-dubuis-naitre-de-la-terre-aoc-vs-2022\/"]}]},{"@type":"ImageObject","inLanguage":"it-IT","@id":"https:\/\/dubuis-rudaz.ch\/produit\/terres-blanches-cuvee-caroline-dubuis-naitre-de-la-terre-aoc-vs-2022\/#primaryimage","url":"https:\/\/dubuis-rudaz.ch\/wp-content\/uploads\/2025\/06\/terres-blanches-dec.jpg","contentUrl":"https:\/\/dubuis-rudaz.ch\/wp-content\/uploads\/2025\/06\/terres-blanches-dec.jpg","width":126,"height":488},{"@type":"BreadcrumbList","@id":"https:\/\/dubuis-rudaz.ch\/produit\/terres-blanches-cuvee-caroline-dubuis-naitre-de-la-terre-aoc-vs-2022\/#breadcrumb","itemListElement":[{"@type":"ListItem","position":1,"name":"Accueil","item":"https:\/\/dubuis-rudaz.ch\/"},{"@type":"ListItem","position":2,"name":"shop","item":"https:\/\/dubuis-rudaz.ch\/shop\/"},{"@type":"ListItem","position":3,"name":"Terres Blanches Cuv\u00e9e Caroline Dubuis *Na\u00eetre de la Terre* AOC VS 2022"}]},{"@type":"WebSite","@id":"https:\/\/dubuis-rudaz.ch\/#website","url":"https:\/\/dubuis-rudaz.ch\/","name":"Dubuis Rudaz-Sion","description":"Viticoltore vallesano dal 1986","publisher":{"@id":"https:\/\/dubuis-rudaz.ch\/#organization"},"potentialAction":[{"@type":"SearchAction","target":{"@type":"EntryPoint","urlTemplate":"https:\/\/dubuis-rudaz.ch\/?s={search_term_string}"},"query-input":{"@type":"PropertyValueSpecification","valueRequired":true,"valueName":"search_term_string"}}],"inLanguage":"it-IT"},{"@type":"Organization","@id":"https:\/\/dubuis-rudaz.ch\/#organization","name":"Vini Dubuis Rudaz - Sion","url":"https:\/\/dubuis-rudaz.ch\/","logo":{"@type":"ImageObject","inLanguage":"it-IT","@id":"https:\/\/dubuis-rudaz.ch\/#\/schema\/logo\/image\/","url":"https:\/\/dubuis-rudaz.ch\/wp-content\/uploads\/2021\/08\/favicon.png","contentUrl":"https:\/\/dubuis-rudaz.ch\/wp-content\/uploads\/2021\/08\/favicon.png","width":501,"height":501,"caption":"Dubuis Rudaz Vins - Sion"},"image":{"@id":"https:\/\/dubuis-rudaz.ch\/#\/schema\/logo\/image\/"}}]}},"_links":{"self":[{"href":"https:\/\/dubuis-rudaz.ch\/it\/wp-json\/wp\/v2\/product\/4530","targetHints":{"allow":["GET"]}}],"collection":[{"href":"https:\/\/dubuis-rudaz.ch\/it\/wp-json\/wp\/v2\/product"}],"about":[{"href":"https:\/\/dubuis-rudaz.ch\/it\/wp-json\/wp\/v2\/types\/product"}],"wp:featuredmedia":[{"embeddable":true,"href":"https:\/\/dubuis-rudaz.ch\/it\/wp-json\/wp\/v2\/media\/4536"}],"wp:attachment":[{"href":"https:\/\/dubuis-rudaz.ch\/it\/wp-json\/wp\/v2\/media?parent=4530"}],"wp:term":[{"taxonomy":"product_brand","embeddable":true,"href":"https:\/\/dubuis-rudaz.ch\/it\/wp-json\/wp\/v2\/product_brand?post=4530"},{"taxonomy":"product_cat","embeddable":true,"href":"https:\/\/dubuis-rudaz.ch\/it\/wp-json\/wp\/v2\/product_cat?post=4530"},{"taxonomy":"product_tag","embeddable":true,"href":"https:\/\/dubuis-rudaz.ch\/it\/wp-json\/wp\/v2\/product_tag?post=4530"}],"curies":[{"name":"parola chiave","href":"https:\/\/api.w.org\/{rel}","templated":true}]}}