{"id":4518,"date":"2025-06-23T16:50:53","date_gmt":"2025-06-23T14:50:53","guid":{"rendered":"https:\/\/dubuis-rudaz.ch\/?post_type=product&#038;p=4518"},"modified":"2025-10-01T12:16:50","modified_gmt":"2025-10-01T10:16:50","slug":"cuvee-les-chateaux-2023-assemblage-rose-majorie-aoc-valais","status":"publish","type":"product","link":"https:\/\/dubuis-rudaz.ch\/it\/prodotto\/cuvee-les-chateaux-2023-assemblage-rose-majorie-aoc-valais\/","title":{"rendered":"Cuv\u00e9e Les Ch\u00e2teaux 2023 * Majorie AOC Vallese Ros\u00e9 Blend"},"content":{"rendered":"<h2><strong>Degustazione<\/strong><\/h2>\n<ul>\n<li><strong>VESTITO\u00a0<\/strong>: Rosa lampone, con riflessi brillanti.<\/li>\n<li><strong>NASO\u00a0<\/strong>: Floreale, note di frutti di bosco, fragola, lampone, agrumi.<\/li>\n<li><strong>PALAZZO\u00a0<\/strong>: Rotondo, elegante, fine, armonioso, molto morbido, lungo in bocca.<\/li>\n<li><strong>ABBINAMENTI GOURMET: <\/strong>Il Majorie \u00e8 un&#039;ottima alternativa ai vini bianchi come aperitivo o durante i pasti. Il suo colore estivo lo rende un vino perfetto per la terrazza. Si abbina a terrine di selvaggina, pesce fritto, carni bianche e formaggi a pasta molle.<\/li>\n<li><strong>DATI : <\/strong>Alcol 14,5 % vol. Contiene solfiti.<\/li>\n<li>Conservazione: da 3 a 5 anni<\/li>\n<\/ul>","protected":false},"excerpt":{"rendered":"<p>Syrah, Merlot, Gamay.<\/p>\n<ul>\n<li><strong>PROVENIENZE\u00a0<\/strong>: Prodotto dall&#039;unione dei vitigni sopra menzionati, selezionati nei vari comuni del Vallese centrale.<\/li>\n<li><strong>SITUAZIONE\u00a0<\/strong>: Vigneti situati sulla riva destra del Rodano, su pendii medi e terrazzati, altitudine massima 540 m.<\/li>\n<li><strong>VINIFICAZIONE\u00a0<\/strong>: Vino ottenuto dal salasso di vini rossi. Fermentazione alcolica controllata, temperatura massima 18\u00b0. Fermentazione malolattica parziale. Senza aggiunta di zuccheri.<\/li>\n<\/ul>\n<hr \/>\n<p>&nbsp;<\/p>","protected":false},"featured_media":4520,"template":"","meta":{"_et_pb_use_builder":"","_et_pb_old_content":"","_et_gb_content_width":""},"product_brand":[],"product_cat":[57,81,61,60,58,80],"product_tag":[],"class_list":{"0":"post-4518","1":"product","2":"type-product","3":"status-publish","4":"has-post-thumbnail","6":"product_cat-assemblage-rose","7":"product_cat-cuvee-les-chateaux","8":"product_cat-gamay-rose","9":"product_cat-merlot-rose","10":"product_cat-syrah-rose","11":"product_cat-vin","13":"first","14":"instock","15":"taxable","16":"shipping-taxable","17":"purchasable","18":"product-type-variable","19":"has-default-attributes"},"yoast_head":"<!-- This site is optimized with the Yoast SEO plugin v27.4 - https:\/\/yoast.com\/product\/yoast-seo-wordpress\/ -->\n<title>Cuv\u00e9e Les Ch\u00e2teaux 2023 * Assemblage Ros\u00e9 Majorie AOC Valais - Dubuis Rudaz - Sion<\/title>\n<meta name=\"robots\" content=\"index, follow, max-snippet:-1, max-image-preview:large, max-video-preview:-1\" \/>\n<link rel=\"canonical\" href=\"https:\/\/dubuis-rudaz.ch\/it\/prodotto\/cuvee-les-chateaux-2023-assemblage-rose-majorie-aoc-valais\/\" \/>\n<meta property=\"og:locale\" content=\"it_IT\" \/>\n<meta property=\"og:type\" content=\"article\" \/>\n<meta property=\"og:title\" content=\"Cuv\u00e9e Les Ch\u00e2teaux 2023 * Assemblage Ros\u00e9 Majorie AOC Valais - Dubuis Rudaz - Sion\" \/>\n<meta property=\"og:description\" content=\"Syrah, Merlot, Gamay.   PROVENANCES\u00a0: Issu du mariage des c\u00e9pages ci-dessus, s\u00e9lectionn\u00e9s dans les diverses communes du Valais central.  SITUATION\u00a0: Vignes situ\u00e9es sur la rive droite du Rh\u00f4ne, mi-coteaux et terrasses, altitude maximum 540 m.  VINIFICATION\u00a0: Vin obtenu par saign\u00e9e de vins rouges. Fermentation alcoolique dirig\u00e9e, maximum de temp\u00e9rature 18\u00b0 Fermentation malolactique partielle. Sans aucune adjonction de sucre.     &nbsp;\" \/>\n<meta property=\"og:url\" content=\"https:\/\/dubuis-rudaz.ch\/it\/prodotto\/cuvee-les-chateaux-2023-assemblage-rose-majorie-aoc-valais\/\" \/>\n<meta property=\"og:site_name\" content=\"Dubuis Rudaz - Sion\" \/>\n<meta property=\"article:modified_time\" content=\"2025-10-01T10:16:50+00:00\" \/>\n<meta property=\"og:image\" content=\"https:\/\/dubuis-rudaz.ch\/wp-content\/uploads\/2025\/06\/LesChateaux-MajorieUP.jpg\" \/>\n\t<meta property=\"og:image:width\" content=\"126\" \/>\n\t<meta property=\"og:image:height\" content=\"488\" \/>\n\t<meta property=\"og:image:type\" content=\"image\/jpeg\" \/>\n<meta name=\"twitter:card\" content=\"summary_large_image\" \/>\n<meta name=\"twitter:label1\" content=\"Tempo di lettura stimato\" \/>\n\t<meta name=\"twitter:data1\" content=\"1 minuto\" \/>\n<script type=\"application\/ld+json\" class=\"yoast-schema-graph\">{\"@context\":\"https:\\\/\\\/schema.org\",\"@graph\":[{\"@type\":\"WebPage\",\"@id\":\"https:\\\/\\\/dubuis-rudaz.ch\\\/produit\\\/cuvee-les-chateaux-2023-assemblage-rose-majorie-aoc-valais\\\/\",\"url\":\"https:\\\/\\\/dubuis-rudaz.ch\\\/produit\\\/cuvee-les-chateaux-2023-assemblage-rose-majorie-aoc-valais\\\/\",\"name\":\"Cuv\u00e9e Les Ch\u00e2teaux 2023 * Assemblage Ros\u00e9 Majorie AOC Valais - Dubuis Rudaz - Sion\",\"isPartOf\":{\"@id\":\"https:\\\/\\\/dubuis-rudaz.ch\\\/#website\"},\"primaryImageOfPage\":{\"@id\":\"https:\\\/\\\/dubuis-rudaz.ch\\\/produit\\\/cuvee-les-chateaux-2023-assemblage-rose-majorie-aoc-valais\\\/#primaryimage\"},\"image\":{\"@id\":\"https:\\\/\\\/dubuis-rudaz.ch\\\/produit\\\/cuvee-les-chateaux-2023-assemblage-rose-majorie-aoc-valais\\\/#primaryimage\"},\"thumbnailUrl\":\"https:\\\/\\\/dubuis-rudaz.ch\\\/wp-content\\\/uploads\\\/2025\\\/06\\\/LesChateaux-MajorieUP.jpg\",\"datePublished\":\"2025-06-23T14:50:53+00:00\",\"dateModified\":\"2025-10-01T10:16:50+00:00\",\"breadcrumb\":{\"@id\":\"https:\\\/\\\/dubuis-rudaz.ch\\\/produit\\\/cuvee-les-chateaux-2023-assemblage-rose-majorie-aoc-valais\\\/#breadcrumb\"},\"inLanguage\":\"it-IT\",\"potentialAction\":[{\"@type\":\"ReadAction\",\"target\":[\"https:\\\/\\\/dubuis-rudaz.ch\\\/produit\\\/cuvee-les-chateaux-2023-assemblage-rose-majorie-aoc-valais\\\/\"]}]},{\"@type\":\"ImageObject\",\"inLanguage\":\"it-IT\",\"@id\":\"https:\\\/\\\/dubuis-rudaz.ch\\\/produit\\\/cuvee-les-chateaux-2023-assemblage-rose-majorie-aoc-valais\\\/#primaryimage\",\"url\":\"https:\\\/\\\/dubuis-rudaz.ch\\\/wp-content\\\/uploads\\\/2025\\\/06\\\/LesChateaux-MajorieUP.jpg\",\"contentUrl\":\"https:\\\/\\\/dubuis-rudaz.ch\\\/wp-content\\\/uploads\\\/2025\\\/06\\\/LesChateaux-MajorieUP.jpg\",\"width\":126,\"height\":488},{\"@type\":\"BreadcrumbList\",\"@id\":\"https:\\\/\\\/dubuis-rudaz.ch\\\/produit\\\/cuvee-les-chateaux-2023-assemblage-rose-majorie-aoc-valais\\\/#breadcrumb\",\"itemListElement\":[{\"@type\":\"ListItem\",\"position\":1,\"name\":\"Accueil\",\"item\":\"https:\\\/\\\/dubuis-rudaz.ch\\\/\"},{\"@type\":\"ListItem\",\"position\":2,\"name\":\"shop\",\"item\":\"https:\\\/\\\/dubuis-rudaz.ch\\\/shop\\\/\"},{\"@type\":\"ListItem\",\"position\":3,\"name\":\"Cuv\u00e9e Les Ch\u00e2teaux 2023 * Assemblage Ros\u00e9 Majorie AOC Valais\"}]},{\"@type\":\"WebSite\",\"@id\":\"https:\\\/\\\/dubuis-rudaz.ch\\\/#website\",\"url\":\"https:\\\/\\\/dubuis-rudaz.ch\\\/\",\"name\":\"Dubuis Rudaz - Sion\",\"description\":\"Vigneron encaveur valaisans depuis 1986\",\"publisher\":{\"@id\":\"https:\\\/\\\/dubuis-rudaz.ch\\\/#organization\"},\"potentialAction\":[{\"@type\":\"SearchAction\",\"target\":{\"@type\":\"EntryPoint\",\"urlTemplate\":\"https:\\\/\\\/dubuis-rudaz.ch\\\/?s={search_term_string}\"},\"query-input\":{\"@type\":\"PropertyValueSpecification\",\"valueRequired\":true,\"valueName\":\"search_term_string\"}}],\"inLanguage\":\"it-IT\"},{\"@type\":\"Organization\",\"@id\":\"https:\\\/\\\/dubuis-rudaz.ch\\\/#organization\",\"name\":\"Dubuis Rudaz Vins - Sion\",\"url\":\"https:\\\/\\\/dubuis-rudaz.ch\\\/\",\"logo\":{\"@type\":\"ImageObject\",\"inLanguage\":\"it-IT\",\"@id\":\"https:\\\/\\\/dubuis-rudaz.ch\\\/#\\\/schema\\\/logo\\\/image\\\/\",\"url\":\"https:\\\/\\\/dubuis-rudaz.ch\\\/wp-content\\\/uploads\\\/2021\\\/08\\\/favicon.png\",\"contentUrl\":\"https:\\\/\\\/dubuis-rudaz.ch\\\/wp-content\\\/uploads\\\/2021\\\/08\\\/favicon.png\",\"width\":501,\"height\":501,\"caption\":\"Dubuis Rudaz Vins - Sion\"},\"image\":{\"@id\":\"https:\\\/\\\/dubuis-rudaz.ch\\\/#\\\/schema\\\/logo\\\/image\\\/\"}}]}<\/script>\n<!-- \/ Yoast SEO plugin. -->","yoast_head_json":{"title":"Cuv\u00e9e Les Ch\u00e2teaux 2023 * Assemblage Ros\u00e9 Majorie AOC Valais - Dubuis Rudaz - Sion","robots":{"index":"index","follow":"follow","max-snippet":"max-snippet:-1","max-image-preview":"max-image-preview:large","max-video-preview":"max-video-preview:-1"},"canonical":"https:\/\/dubuis-rudaz.ch\/it\/prodotto\/cuvee-les-chateaux-2023-assemblage-rose-majorie-aoc-valais\/","og_locale":"it_IT","og_type":"article","og_title":"Cuv\u00e9e Les Ch\u00e2teaux 2023 * Assemblage Ros\u00e9 Majorie AOC Valais - Dubuis Rudaz - Sion","og_description":"Syrah, Merlot, Gamay.   PROVENANCES\u00a0: Issu du mariage des c\u00e9pages ci-dessus, s\u00e9lectionn\u00e9s dans les diverses communes du Valais central.  SITUATION\u00a0: Vignes situ\u00e9es sur la rive droite du Rh\u00f4ne, mi-coteaux et terrasses, altitude maximum 540 m.  VINIFICATION\u00a0: Vin obtenu par saign\u00e9e de vins rouges. Fermentation alcoolique dirig\u00e9e, maximum de temp\u00e9rature 18\u00b0 Fermentation malolactique partielle. Sans aucune adjonction de sucre.     &nbsp;","og_url":"https:\/\/dubuis-rudaz.ch\/it\/prodotto\/cuvee-les-chateaux-2023-assemblage-rose-majorie-aoc-valais\/","og_site_name":"Dubuis Rudaz - Sion","article_modified_time":"2025-10-01T10:16:50+00:00","og_image":[{"width":126,"height":488,"url":"https:\/\/dubuis-rudaz.ch\/wp-content\/uploads\/2025\/06\/LesChateaux-MajorieUP.jpg","type":"image\/jpeg"}],"twitter_card":"summary_large_image","twitter_misc":{"Tempo di lettura stimato":"1 minuto"},"schema":{"@context":"https:\/\/schema.org","@graph":[{"@type":"WebPage","@id":"https:\/\/dubuis-rudaz.ch\/produit\/cuvee-les-chateaux-2023-assemblage-rose-majorie-aoc-valais\/","url":"https:\/\/dubuis-rudaz.ch\/produit\/cuvee-les-chateaux-2023-assemblage-rose-majorie-aoc-valais\/","name":"Cuv\u00e9e Les Ch\u00e2teaux 2023 * Assemblage Ros\u00e9 Majorie AOC Valais - Dubuis Rudaz - Sion","isPartOf":{"@id":"https:\/\/dubuis-rudaz.ch\/#website"},"primaryImageOfPage":{"@id":"https:\/\/dubuis-rudaz.ch\/produit\/cuvee-les-chateaux-2023-assemblage-rose-majorie-aoc-valais\/#primaryimage"},"image":{"@id":"https:\/\/dubuis-rudaz.ch\/produit\/cuvee-les-chateaux-2023-assemblage-rose-majorie-aoc-valais\/#primaryimage"},"thumbnailUrl":"https:\/\/dubuis-rudaz.ch\/wp-content\/uploads\/2025\/06\/LesChateaux-MajorieUP.jpg","datePublished":"2025-06-23T14:50:53+00:00","dateModified":"2025-10-01T10:16:50+00:00","breadcrumb":{"@id":"https:\/\/dubuis-rudaz.ch\/produit\/cuvee-les-chateaux-2023-assemblage-rose-majorie-aoc-valais\/#breadcrumb"},"inLanguage":"it-IT","potentialAction":[{"@type":"ReadAction","target":["https:\/\/dubuis-rudaz.ch\/produit\/cuvee-les-chateaux-2023-assemblage-rose-majorie-aoc-valais\/"]}]},{"@type":"ImageObject","inLanguage":"it-IT","@id":"https:\/\/dubuis-rudaz.ch\/produit\/cuvee-les-chateaux-2023-assemblage-rose-majorie-aoc-valais\/#primaryimage","url":"https:\/\/dubuis-rudaz.ch\/wp-content\/uploads\/2025\/06\/LesChateaux-MajorieUP.jpg","contentUrl":"https:\/\/dubuis-rudaz.ch\/wp-content\/uploads\/2025\/06\/LesChateaux-MajorieUP.jpg","width":126,"height":488},{"@type":"BreadcrumbList","@id":"https:\/\/dubuis-rudaz.ch\/produit\/cuvee-les-chateaux-2023-assemblage-rose-majorie-aoc-valais\/#breadcrumb","itemListElement":[{"@type":"ListItem","position":1,"name":"Accueil","item":"https:\/\/dubuis-rudaz.ch\/"},{"@type":"ListItem","position":2,"name":"shop","item":"https:\/\/dubuis-rudaz.ch\/shop\/"},{"@type":"ListItem","position":3,"name":"Cuv\u00e9e Les Ch\u00e2teaux 2023 * Assemblage Ros\u00e9 Majorie AOC Valais"}]},{"@type":"WebSite","@id":"https:\/\/dubuis-rudaz.ch\/#website","url":"https:\/\/dubuis-rudaz.ch\/","name":"Dubuis Rudaz-Sion","description":"Viticoltore vallesano dal 1986","publisher":{"@id":"https:\/\/dubuis-rudaz.ch\/#organization"},"potentialAction":[{"@type":"SearchAction","target":{"@type":"EntryPoint","urlTemplate":"https:\/\/dubuis-rudaz.ch\/?s={search_term_string}"},"query-input":{"@type":"PropertyValueSpecification","valueRequired":true,"valueName":"search_term_string"}}],"inLanguage":"it-IT"},{"@type":"Organization","@id":"https:\/\/dubuis-rudaz.ch\/#organization","name":"Vini Dubuis Rudaz - Sion","url":"https:\/\/dubuis-rudaz.ch\/","logo":{"@type":"ImageObject","inLanguage":"it-IT","@id":"https:\/\/dubuis-rudaz.ch\/#\/schema\/logo\/image\/","url":"https:\/\/dubuis-rudaz.ch\/wp-content\/uploads\/2021\/08\/favicon.png","contentUrl":"https:\/\/dubuis-rudaz.ch\/wp-content\/uploads\/2021\/08\/favicon.png","width":501,"height":501,"caption":"Dubuis Rudaz Vins - Sion"},"image":{"@id":"https:\/\/dubuis-rudaz.ch\/#\/schema\/logo\/image\/"}}]}},"_links":{"self":[{"href":"https:\/\/dubuis-rudaz.ch\/it\/wp-json\/wp\/v2\/product\/4518","targetHints":{"allow":["GET"]}}],"collection":[{"href":"https:\/\/dubuis-rudaz.ch\/it\/wp-json\/wp\/v2\/product"}],"about":[{"href":"https:\/\/dubuis-rudaz.ch\/it\/wp-json\/wp\/v2\/types\/product"}],"wp:featuredmedia":[{"embeddable":true,"href":"https:\/\/dubuis-rudaz.ch\/it\/wp-json\/wp\/v2\/media\/4520"}],"wp:attachment":[{"href":"https:\/\/dubuis-rudaz.ch\/it\/wp-json\/wp\/v2\/media?parent=4518"}],"wp:term":[{"taxonomy":"product_brand","embeddable":true,"href":"https:\/\/dubuis-rudaz.ch\/it\/wp-json\/wp\/v2\/product_brand?post=4518"},{"taxonomy":"product_cat","embeddable":true,"href":"https:\/\/dubuis-rudaz.ch\/it\/wp-json\/wp\/v2\/product_cat?post=4518"},{"taxonomy":"product_tag","embeddable":true,"href":"https:\/\/dubuis-rudaz.ch\/it\/wp-json\/wp\/v2\/product_tag?post=4518"}],"curies":[{"name":"parola chiave","href":"https:\/\/api.w.org\/{rel}","templated":true}]}}