{"id":49,"date":"2021-08-28T09:06:16","date_gmt":"2021-08-28T07:06:16","guid":{"rendered":"https:\/\/dubuis-rudaz.provisoire.ch\/?page_id=49"},"modified":"2025-07-28T19:17:29","modified_gmt":"2025-07-28T17:17:29","slug":"nos-vignes","status":"publish","type":"page","link":"https:\/\/dubuis-rudaz.ch\/it\/production\/nos-vignes\/","title":{"rendered":"Le nostre vigne"},"content":{"rendered":"<p>[et_pb_section fb_built=\u00a0\u00bb1&Prime; _builder_version=\u00a0\u00bb4.27.4&Prime; _module_preset=\u00a0\u00bbdefault\u00a0\u00bb background_image=\u00a0\u00bbhttps:\/\/dubuis-rudaz.ch\/wp-content\/uploads\/2021\/08\/bg2.png\u00a0\u00bb background_position=\u00a0\u00bbtop_center\u00a0\u00bb custom_padding=\u00a0\u00bb40px||40px||true|false\u00a0\u00bb hover_enabled=\u00a0\u00bb0&Prime; da_disable_devices=\u00a0\u00bboff|off|off\u00a0\u00bb global_colors_info=\u00a0\u00bb{}\u00a0\u00bb background_vertical_offset=\u00a0\u00bb6%\u00a0\u00bb sticky_enabled=\u00a0\u00bb0&Prime; da_is_popup=\u00a0\u00bboff\u00a0\u00bb da_exit_intent=\u00a0\u00bboff\u00a0\u00bb da_has_close=\u00a0\u00bbon\u00a0\u00bb da_alt_close=\u00a0\u00bboff\u00a0\u00bb da_dark_close=\u00a0\u00bboff\u00a0\u00bb da_not_modal=\u00a0\u00bbon\u00a0\u00bb da_is_singular=\u00a0\u00bboff\u00a0\u00bb da_with_loader=\u00a0\u00bboff\u00a0\u00bb da_has_shadow=\u00a0\u00bbon\u00a0\u00bb][et_pb_row _builder_version=\u00a0\u00bb4.16&Prime; _module_preset=\u00a0\u00bbdefault\u00a0\u00bb global_colors_info=\u00a0\u00bb{}\u00a0\u00bb][et_pb_column type=\u00a0\u00bb4_4&Prime; _builder_version=\u00a0\u00bb4.16&Prime; _module_preset=\u00a0\u00bbdefault\u00a0\u00bb global_colors_info=\u00a0\u00bb{}\u00a0\u00bb][et_pb_text _builder_version=\u00a0\u00bb4.16&Prime; _module_preset=\u00a0\u00bbdefault\u00a0\u00bb header_2_text_color=\u00a0\u00bb#FFFFFF\u00a0\u00bb header_2_font_size=\u00a0\u00bb70px\u00a0\u00bb background_enable_image=\u00a0\u00bboff\u00a0\u00bb header_2_font_size_tablet=\u00a0\u00bb\u00a0\u00bb header_2_font_size_phone=\u00a0\u00bb50px\u00a0\u00bb header_2_font_size_last_edited=\u00a0\u00bbon|phone\u00a0\u00bb global_colors_info=\u00a0\u00bb{}\u00a0\u00bb]<\/p>\n<h2>Nos vignes<\/h2>\n<p>[\/et_pb_text][\/et_pb_column][\/et_pb_row][\/et_pb_section][et_pb_section fb_built=\u00a0\u00bb1&Prime; _builder_version=\u00a0\u00bb4.16&Prime; _module_preset=\u00a0\u00bbdefault\u00a0\u00bb da_disable_devices=\u00a0\u00bboff|off|off\u00a0\u00bb global_colors_info=\u00a0\u00bb{}\u00a0\u00bb da_is_popup=\u00a0\u00bboff\u00a0\u00bb da_exit_intent=\u00a0\u00bboff\u00a0\u00bb da_has_close=\u00a0\u00bbon\u00a0\u00bb da_alt_close=\u00a0\u00bboff\u00a0\u00bb da_dark_close=\u00a0\u00bboff\u00a0\u00bb da_not_modal=\u00a0\u00bbon\u00a0\u00bb da_is_singular=\u00a0\u00bboff\u00a0\u00bb da_with_loader=\u00a0\u00bboff\u00a0\u00bb da_has_shadow=\u00a0\u00bbon\u00a0\u00bb][et_pb_row column_structure=\u00a0\u00bb1_3,2_3&Prime; custom_padding_last_edited=\u00a0\u00bbon|phone\u00a0\u00bb _builder_version=\u00a0\u00bb4.16&Prime; _module_preset=\u00a0\u00bbdefault\u00a0\u00bb custom_padding_tablet=\u00a0\u00bb\u00a0\u00bb custom_padding_phone=\u00a0\u00bb0px||||false|false\u00a0\u00bb global_colors_info=\u00a0\u00bb{}\u00a0\u00bb][et_pb_column type=\u00a0\u00bb1_3&Prime; _builder_version=\u00a0\u00bb4.16&Prime; _module_preset=\u00a0\u00bbdefault\u00a0\u00bb global_colors_info=\u00a0\u00bb{}\u00a0\u00bb][et_pb_image src=\u00a0\u00bbhttps:\/\/dubuis-rudaz.ch\/wp-content\/uploads\/2023\/06\/Logo-BioSuisse-006.png\u00a0\u00bb title_text=\u00a0\u00bbLogo BioSuisse 006&Prime; disabled_on=\u00a0\u00bbon|on|off\u00a0\u00bb _builder_version=\u00a0\u00bb4.21.0&Prime; _module_preset=\u00a0\u00bbdefault\u00a0\u00bb global_colors_info=\u00a0\u00bb{}\u00a0\u00bb][\/et_pb_image][et_pb_image src=\u00a0\u00bbhttps:\/\/dubuis-rudaz.ch\/wp-content\/uploads\/2021\/08\/case1.png\u00a0\u00bb title_text=\u00a0\u00bbcase1&Prime; _builder_version=\u00a0\u00bb4.16&Prime; _module_preset=\u00a0\u00bbdefault\u00a0\u00bb custom_margin=\u00a0\u00bb40px||||false|false\u00a0\u00bb global_colors_info=\u00a0\u00bb{}\u00a0\u00bb][\/et_pb_image][\/et_pb_column][et_pb_column type=\u00a0\u00bb2_3&Prime; _builder_version=\u00a0\u00bb4.16&Prime; _module_preset=\u00a0\u00bbdefault\u00a0\u00bb global_colors_info=\u00a0\u00bb{}\u00a0\u00bb][et_pb_text _builder_version=\u00a0\u00bb4.27.4&Prime; _module_preset=\u00a0\u00bbdefault\u00a0\u00bb text_font=\u00a0\u00bb|300|||||||\u00a0\u00bb text_text_color=\u00a0\u00bb#000000&Prime; text_font_size=\u00a0\u00bb20px\u00a0\u00bb text_line_height=\u00a0\u00bb1.5em\u00a0\u00bb header_text_color=\u00a0\u00bb#3F3C2F\u00a0\u00bb header_font_size=\u00a0\u00bb50px\u00a0\u00bb header_line_height=\u00a0\u00bb2em\u00a0\u00bb header_font_size_tablet=\u00a0\u00bb\u00a0\u00bb header_font_size_phone=\u00a0\u00bb30px\u00a0\u00bb header_font_size_last_edited=\u00a0\u00bbon|phone\u00a0\u00bb header_line_height_tablet=\u00a0\u00bb\u00a0\u00bb header_line_height_phone=\u00a0\u00bb1.3em\u00a0\u00bb header_line_height_last_edited=\u00a0\u00bbon|phone\u00a0\u00bb global_colors_info=\u00a0\u00bb{}\u00a0\u00bb]<\/p>\n<div class=\"u_1142427201 dmRespCol small-12 large-8 medium-8\" id=\"1142427201\">\n<div class=\"u_1003272399 dmNewParagraph\" data-dmtmpl=\"true\" data-element-type=\"paragraph\" id=\"1003272399\" data-uialign=\"right\">\n<div>\n<h1 class=\"u_1845213464 dmNewParagraph\" data-element-type=\"paragraph\" id=\"1845213464\" data-uialign=\"center\"><span class=\"m-specific m-font-size-20 lh-1\">Nos vignes<\/span><\/h1>\n<div class=\"u_1066125068 dmNewParagraph\" id=\"1066125068\" data-element-type=\"paragraph\" data-dmtmpl=\"true\" data-uialign=\"left\" background-image=\"\" :=\"\">\n<h3><span>La Cave Dubuis &amp; Rudaz cultive un domaine de 23 hectares dans le Valais central.\u00a0<\/span><\/h3>\n<div><\/div>\n<div>Nos vignes s&rsquo;\u00e9tendent en plusieurs parcelles implant\u00e9es dans un p\u00e9rim\u00e8tre se situant entre la commune de Conthey et celle de Sierre, avec plus de 50 % des surfaces situ\u00e9es dans la prestigieuse appellation Sion.<\/div>\n<div><\/div>\n<div>Le Valais \u00e9tant form\u00e9 d&rsquo;une mosa\u00efque de terroirs diff\u00e9rents, nos parcelles situ\u00e9es dans des expositions privil\u00e9gi\u00e9es permettent \u00e0 chacune des 17 vari\u00e9t\u00e9 de raisin cultiv\u00e9es de trouver des conditions adapt\u00e9es \u00e0 mettre en \u00e9vidence ses propres caract\u00e9ristiques.<\/div>\n<div><\/div>\n<div>Depuis 1985 la totalit\u00e9 de nos vignes sont certifi\u00e9es VITIVAL strictes normes assurant le d\u00e9veloppement durable.<\/div>\n<div><\/div>\n<div>Persuad\u00e9 que notre d\u00e9marche \u00e9cologique et qualitative est le chemin \u00e0 suivre, depuis 1995 nous avons pris le virage nous menant aux techniques de la biodynamie, c&rsquo;est \u00e0 dire remettre le vivant au centre de nos pr\u00e9occupations.<\/div>\n<div><\/div>\n<div>Actuellement nous cultivons la totalit\u00e9 de notre domaine avec le savoir-faire et les connaissances acquises en biodynamie, depuis l\u2019ann\u00e9e 2022 l\u2019ensemble de notre production porte le label Bio Suisse.<\/div>\n<\/div>\n<\/div>\n<\/div>\n<\/div>\n<p>[\/et_pb_text][\/et_pb_column][\/et_pb_row][\/et_pb_section]<\/p>\n","protected":false},"excerpt":{"rendered":"<p>Nos vignes Nos vignes La Cave Dubuis &amp; Rudaz cultive un domaine de 23 hectares dans le Valais central.\u00a0 Nos vignes s&rsquo;\u00e9tendent en plusieurs parcelles implant\u00e9es dans un p\u00e9rim\u00e8tre se situant entre la commune de Conthey et celle de Sierre, avec plus de 50 % des surfaces situ\u00e9es dans la prestigieuse appellation Sion. Le Valais [&hellip;]<\/p>\n","protected":false},"author":1,"featured_media":0,"parent":11,"menu_order":31,"comment_status":"closed","ping_status":"closed","template":"","meta":{"_et_pb_use_builder":"on","_et_pb_old_content":"<!-- wp:divi\/placeholder \/-->","_et_gb_content_width":"","footnotes":""},"class_list":["post-49","page","type-page","status-publish","hentry"],"yoast_head":"<!-- This site is optimized with the Yoast SEO plugin v27.4 - https:\/\/yoast.com\/product\/yoast-seo-wordpress\/ -->\n<title>D\u00e9couvrez notre domaines de 17 hectares en Valais | Dubuis Rudaz Sion<\/title>\n<meta name=\"description\" content=\"Notre domaine de 17 hectares jouit d&#039;une situation des plus privil\u00e9gi\u00e9es du canton du Valais. Depuis 1995 la totalit\u00e9 de la production est cultiv\u00e9e aux normes Vitival . Cette m\u00e9thode r\u00e9pond aux normes strictes de Vitiswiss qui pr\u00f4nent une viticulture respectueuse de l&#039;\u00e9cologie...\" \/>\n<meta name=\"robots\" content=\"index, follow, max-snippet:-1, max-image-preview:large, max-video-preview:-1\" \/>\n<link rel=\"canonical\" href=\"https:\/\/dubuis-rudaz.ch\/it\/production\/nos-vignes\/\" \/>\n<meta property=\"og:locale\" content=\"it_IT\" \/>\n<meta property=\"og:type\" content=\"article\" \/>\n<meta property=\"og:title\" content=\"D\u00e9couvrez notre domaines de 17 hectares en Valais | Dubuis Rudaz Sion\" \/>\n<meta property=\"og:description\" content=\"Notre domaine de 17 hectares jouit d&#039;une situation des plus privil\u00e9gi\u00e9es du canton du Valais. Depuis 1995 la totalit\u00e9 de la production est cultiv\u00e9e aux normes Vitival . Cette m\u00e9thode r\u00e9pond aux normes strictes de Vitiswiss qui pr\u00f4nent une viticulture respectueuse de l&#039;\u00e9cologie...\" \/>\n<meta property=\"og:url\" content=\"https:\/\/dubuis-rudaz.ch\/it\/production\/nos-vignes\/\" \/>\n<meta property=\"og:site_name\" content=\"Dubuis Rudaz - Sion\" \/>\n<meta property=\"article:modified_time\" content=\"2025-07-28T17:17:29+00:00\" \/>\n<meta name=\"twitter:card\" content=\"summary_large_image\" \/>\n<meta name=\"twitter:label1\" content=\"Tempo di lettura stimato\" \/>\n\t<meta name=\"twitter:data1\" content=\"2 minuti\" \/>\n<script type=\"application\/ld+json\" class=\"yoast-schema-graph\">{\"@context\":\"https:\\\/\\\/schema.org\",\"@graph\":[{\"@type\":\"WebPage\",\"@id\":\"https:\\\/\\\/dubuis-rudaz.ch\\\/production\\\/nos-vignes\\\/\",\"url\":\"https:\\\/\\\/dubuis-rudaz.ch\\\/production\\\/nos-vignes\\\/\",\"name\":\"D\u00e9couvrez notre domaines de 17 hectares en Valais | Dubuis Rudaz Sion\",\"isPartOf\":{\"@id\":\"https:\\\/\\\/dubuis-rudaz.ch\\\/#website\"},\"datePublished\":\"2021-08-28T07:06:16+00:00\",\"dateModified\":\"2025-07-28T17:17:29+00:00\",\"description\":\"Notre domaine de 17 hectares jouit d'une situation des plus privil\u00e9gi\u00e9es du canton du Valais. Depuis 1995 la totalit\u00e9 de la production est cultiv\u00e9e aux normes Vitival . Cette m\u00e9thode r\u00e9pond aux normes strictes de Vitiswiss qui pr\u00f4nent une viticulture respectueuse de l'\u00e9cologie...\",\"breadcrumb\":{\"@id\":\"https:\\\/\\\/dubuis-rudaz.ch\\\/production\\\/nos-vignes\\\/#breadcrumb\"},\"inLanguage\":\"it-IT\",\"potentialAction\":[{\"@type\":\"ReadAction\",\"target\":[\"https:\\\/\\\/dubuis-rudaz.ch\\\/production\\\/nos-vignes\\\/\"]}]},{\"@type\":\"BreadcrumbList\",\"@id\":\"https:\\\/\\\/dubuis-rudaz.ch\\\/production\\\/nos-vignes\\\/#breadcrumb\",\"itemListElement\":[{\"@type\":\"ListItem\",\"position\":1,\"name\":\"Accueil\",\"item\":\"https:\\\/\\\/dubuis-rudaz.ch\\\/\"},{\"@type\":\"ListItem\",\"position\":2,\"name\":\"Production\",\"item\":\"https:\\\/\\\/dubuis-rudaz.ch\\\/production\\\/\"},{\"@type\":\"ListItem\",\"position\":3,\"name\":\"Nos vignes\"}]},{\"@type\":\"WebSite\",\"@id\":\"https:\\\/\\\/dubuis-rudaz.ch\\\/#website\",\"url\":\"https:\\\/\\\/dubuis-rudaz.ch\\\/\",\"name\":\"Dubuis Rudaz - Sion\",\"description\":\"Vigneron encaveur valaisans depuis 1986\",\"publisher\":{\"@id\":\"https:\\\/\\\/dubuis-rudaz.ch\\\/#organization\"},\"potentialAction\":[{\"@type\":\"SearchAction\",\"target\":{\"@type\":\"EntryPoint\",\"urlTemplate\":\"https:\\\/\\\/dubuis-rudaz.ch\\\/?s={search_term_string}\"},\"query-input\":{\"@type\":\"PropertyValueSpecification\",\"valueRequired\":true,\"valueName\":\"search_term_string\"}}],\"inLanguage\":\"it-IT\"},{\"@type\":\"Organization\",\"@id\":\"https:\\\/\\\/dubuis-rudaz.ch\\\/#organization\",\"name\":\"Dubuis Rudaz Vins - Sion\",\"url\":\"https:\\\/\\\/dubuis-rudaz.ch\\\/\",\"logo\":{\"@type\":\"ImageObject\",\"inLanguage\":\"it-IT\",\"@id\":\"https:\\\/\\\/dubuis-rudaz.ch\\\/#\\\/schema\\\/logo\\\/image\\\/\",\"url\":\"https:\\\/\\\/dubuis-rudaz.ch\\\/wp-content\\\/uploads\\\/2021\\\/08\\\/favicon.png\",\"contentUrl\":\"https:\\\/\\\/dubuis-rudaz.ch\\\/wp-content\\\/uploads\\\/2021\\\/08\\\/favicon.png\",\"width\":501,\"height\":501,\"caption\":\"Dubuis Rudaz Vins - Sion\"},\"image\":{\"@id\":\"https:\\\/\\\/dubuis-rudaz.ch\\\/#\\\/schema\\\/logo\\\/image\\\/\"}}]}<\/script>\n<!-- \/ Yoast SEO plugin. -->","yoast_head_json":{"title":"Scopri la nostra tenuta di 17 ettari nel Vallese | Dubuis Rudaz Sion","description":"La nostra tenuta di 17 ettari gode di una delle posizioni pi\u00f9 privilegiate del Canton Vallese. Dal 1995, l&#039;intera produzione \u00e8 coltivata secondo gli standard Vitival. Questo metodo soddisfa i rigorosi standard Vitiswiss, che promuovono una viticoltura rispettosa dell&#039;ambiente...","robots":{"index":"index","follow":"follow","max-snippet":"max-snippet:-1","max-image-preview":"max-image-preview:large","max-video-preview":"max-video-preview:-1"},"canonical":"https:\/\/dubuis-rudaz.ch\/it\/production\/nos-vignes\/","og_locale":"it_IT","og_type":"article","og_title":"D\u00e9couvrez notre domaines de 17 hectares en Valais | Dubuis Rudaz Sion","og_description":"Notre domaine de 17 hectares jouit d'une situation des plus privil\u00e9gi\u00e9es du canton du Valais. Depuis 1995 la totalit\u00e9 de la production est cultiv\u00e9e aux normes Vitival . Cette m\u00e9thode r\u00e9pond aux normes strictes de Vitiswiss qui pr\u00f4nent une viticulture respectueuse de l'\u00e9cologie...","og_url":"https:\/\/dubuis-rudaz.ch\/it\/production\/nos-vignes\/","og_site_name":"Dubuis Rudaz - Sion","article_modified_time":"2025-07-28T17:17:29+00:00","twitter_card":"summary_large_image","twitter_misc":{"Tempo di lettura stimato":"2 minuti"},"schema":{"@context":"https:\/\/schema.org","@graph":[{"@type":"WebPage","@id":"https:\/\/dubuis-rudaz.ch\/production\/nos-vignes\/","url":"https:\/\/dubuis-rudaz.ch\/production\/nos-vignes\/","name":"Scopri la nostra tenuta di 17 ettari nel Vallese | Dubuis Rudaz Sion","isPartOf":{"@id":"https:\/\/dubuis-rudaz.ch\/#website"},"datePublished":"2021-08-28T07:06:16+00:00","dateModified":"2025-07-28T17:17:29+00:00","description":"La nostra tenuta di 17 ettari gode di una delle posizioni pi\u00f9 privilegiate del Canton Vallese. Dal 1995, l&#039;intera produzione \u00e8 coltivata secondo gli standard Vitival. Questo metodo soddisfa i rigorosi standard Vitiswiss, che promuovono una viticoltura rispettosa dell&#039;ambiente...","breadcrumb":{"@id":"https:\/\/dubuis-rudaz.ch\/production\/nos-vignes\/#breadcrumb"},"inLanguage":"it-IT","potentialAction":[{"@type":"ReadAction","target":["https:\/\/dubuis-rudaz.ch\/production\/nos-vignes\/"]}]},{"@type":"BreadcrumbList","@id":"https:\/\/dubuis-rudaz.ch\/production\/nos-vignes\/#breadcrumb","itemListElement":[{"@type":"ListItem","position":1,"name":"Accueil","item":"https:\/\/dubuis-rudaz.ch\/"},{"@type":"ListItem","position":2,"name":"Production","item":"https:\/\/dubuis-rudaz.ch\/production\/"},{"@type":"ListItem","position":3,"name":"Nos vignes"}]},{"@type":"WebSite","@id":"https:\/\/dubuis-rudaz.ch\/#website","url":"https:\/\/dubuis-rudaz.ch\/","name":"Dubuis Rudaz-Sion","description":"Viticoltore vallesano dal 1986","publisher":{"@id":"https:\/\/dubuis-rudaz.ch\/#organization"},"potentialAction":[{"@type":"SearchAction","target":{"@type":"EntryPoint","urlTemplate":"https:\/\/dubuis-rudaz.ch\/?s={search_term_string}"},"query-input":{"@type":"PropertyValueSpecification","valueRequired":true,"valueName":"search_term_string"}}],"inLanguage":"it-IT"},{"@type":"Organization","@id":"https:\/\/dubuis-rudaz.ch\/#organization","name":"Vini Dubuis Rudaz - Sion","url":"https:\/\/dubuis-rudaz.ch\/","logo":{"@type":"ImageObject","inLanguage":"it-IT","@id":"https:\/\/dubuis-rudaz.ch\/#\/schema\/logo\/image\/","url":"https:\/\/dubuis-rudaz.ch\/wp-content\/uploads\/2021\/08\/favicon.png","contentUrl":"https:\/\/dubuis-rudaz.ch\/wp-content\/uploads\/2021\/08\/favicon.png","width":501,"height":501,"caption":"Dubuis Rudaz Vins - Sion"},"image":{"@id":"https:\/\/dubuis-rudaz.ch\/#\/schema\/logo\/image\/"}}]}},"_links":{"self":[{"href":"https:\/\/dubuis-rudaz.ch\/it\/wp-json\/wp\/v2\/pages\/49","targetHints":{"allow":["GET"]}}],"collection":[{"href":"https:\/\/dubuis-rudaz.ch\/it\/wp-json\/wp\/v2\/pages"}],"about":[{"href":"https:\/\/dubuis-rudaz.ch\/it\/wp-json\/wp\/v2\/types\/page"}],"author":[{"embeddable":true,"href":"https:\/\/dubuis-rudaz.ch\/it\/wp-json\/wp\/v2\/users\/1"}],"replies":[{"embeddable":true,"href":"https:\/\/dubuis-rudaz.ch\/it\/wp-json\/wp\/v2\/comments?post=49"}],"version-history":[{"count":13,"href":"https:\/\/dubuis-rudaz.ch\/it\/wp-json\/wp\/v2\/pages\/49\/revisions"}],"predecessor-version":[{"id":4808,"href":"https:\/\/dubuis-rudaz.ch\/it\/wp-json\/wp\/v2\/pages\/49\/revisions\/4808"}],"up":[{"embeddable":true,"href":"https:\/\/dubuis-rudaz.ch\/it\/wp-json\/wp\/v2\/pages\/11"}],"wp:attachment":[{"href":"https:\/\/dubuis-rudaz.ch\/it\/wp-json\/wp\/v2\/media?parent=49"}],"curies":[{"name":"parola chiave","href":"https:\/\/api.w.org\/{rel}","templated":true}]}}