{"id":4701,"date":"2025-07-28T06:38:29","date_gmt":"2025-07-28T04:38:29","guid":{"rendered":"https:\/\/dubuis-rudaz.ch\/?page_id=4701"},"modified":"2025-07-28T19:15:06","modified_gmt":"2025-07-28T17:15:06","slug":"nos-valeurs","status":"publish","type":"page","link":"https:\/\/dubuis-rudaz.ch\/it\/qui-sommes-nous\/nos-valeurs\/","title":{"rendered":"I nostri valori"},"content":{"rendered":"<p>[et_pb_section fb_built=\u00a0\u00bb1&Prime; _builder_version=\u00a0\u00bb4.27.4&Prime; _module_preset=\u00a0\u00bbdefault\u00a0\u00bb background_image=\u00a0\u00bbhttps:\/\/dubuis-rudaz.ch\/wp-content\/uploads\/2021\/08\/20200914_191831-1920w.png\u00a0\u00bb background_position=\u00a0\u00bbbottom_center\u00a0\u00bb custom_padding=\u00a0\u00bb40px||40px||true|false\u00a0\u00bb hover_enabled=\u00a0\u00bb0&Prime; da_disable_devices=\u00a0\u00bboff|off|off\u00a0\u00bb global_colors_info=\u00a0\u00bb{}\u00a0\u00bb sticky_enabled=\u00a0\u00bb0&Prime; da_is_popup=\u00a0\u00bboff\u00a0\u00bb da_exit_intent=\u00a0\u00bboff\u00a0\u00bb da_has_close=\u00a0\u00bbon\u00a0\u00bb da_alt_close=\u00a0\u00bboff\u00a0\u00bb da_dark_close=\u00a0\u00bboff\u00a0\u00bb da_not_modal=\u00a0\u00bbon\u00a0\u00bb da_is_singular=\u00a0\u00bboff\u00a0\u00bb da_with_loader=\u00a0\u00bboff\u00a0\u00bb da_has_shadow=\u00a0\u00bbon\u00a0\u00bb][et_pb_row _builder_version=\u00a0\u00bb4.16&Prime; _module_preset=\u00a0\u00bbdefault\u00a0\u00bb global_colors_info=\u00a0\u00bb{}\u00a0\u00bb][et_pb_column type=\u00a0\u00bb4_4&Prime; _builder_version=\u00a0\u00bb4.16&Prime; _module_preset=\u00a0\u00bbdefault\u00a0\u00bb global_colors_info=\u00a0\u00bb{}\u00a0\u00bb][et_pb_text _builder_version=\u00a0\u00bb4.16&Prime; _module_preset=\u00a0\u00bbdefault\u00a0\u00bb header_2_text_color=\u00a0\u00bb#FFFFFF\u00a0\u00bb header_2_font_size=\u00a0\u00bb70px\u00a0\u00bb background_enable_image=\u00a0\u00bboff\u00a0\u00bb header_2_font_size_tablet=\u00a0\u00bb\u00a0\u00bb header_2_font_size_phone=\u00a0\u00bb50px\u00a0\u00bb header_2_font_size_last_edited=\u00a0\u00bbon|phone\u00a0\u00bb global_colors_info=\u00a0\u00bb{}\u00a0\u00bb]<\/p>\n<h2>Nos valeurs<\/h2>\n<p>[\/et_pb_text][\/et_pb_column][\/et_pb_row][\/et_pb_section][et_pb_section fb_built=\u00a0\u00bb1&Prime; _builder_version=\u00a0\u00bb4.16&Prime; _module_preset=\u00a0\u00bbdefault\u00a0\u00bb da_disable_devices=\u00a0\u00bboff|off|off\u00a0\u00bb global_colors_info=\u00a0\u00bb{}\u00a0\u00bb da_is_popup=\u00a0\u00bboff\u00a0\u00bb da_exit_intent=\u00a0\u00bboff\u00a0\u00bb da_has_close=\u00a0\u00bbon\u00a0\u00bb da_alt_close=\u00a0\u00bboff\u00a0\u00bb da_dark_close=\u00a0\u00bboff\u00a0\u00bb da_not_modal=\u00a0\u00bbon\u00a0\u00bb da_is_singular=\u00a0\u00bboff\u00a0\u00bb da_with_loader=\u00a0\u00bboff\u00a0\u00bb da_has_shadow=\u00a0\u00bbon\u00a0\u00bb][et_pb_row column_structure=\u00a0\u00bb1_3,2_3&Prime; custom_padding_last_edited=\u00a0\u00bbon|phone\u00a0\u00bb _builder_version=\u00a0\u00bb4.16&Prime; _module_preset=\u00a0\u00bbdefault\u00a0\u00bb custom_padding_tablet=\u00a0\u00bb\u00a0\u00bb custom_padding_phone=\u00a0\u00bb0px||||false|false\u00a0\u00bb global_colors_info=\u00a0\u00bb{}\u00a0\u00bb][et_pb_column type=\u00a0\u00bb1_3&Prime; _builder_version=\u00a0\u00bb4.16&Prime; _module_preset=\u00a0\u00bbdefault\u00a0\u00bb global_colors_info=\u00a0\u00bb{}\u00a0\u00bb][et_pb_image src=\u00a0\u00bbhttps:\/\/dubuis-rudaz.ch\/wp-content\/uploads\/2021\/08\/IMG_9991-1920w.png\u00a0\u00bb title_text=\u00a0\u00bbIMG_9991-1920w\u00a0\u00bb _builder_version=\u00a0\u00bb4.16&Prime; _module_preset=\u00a0\u00bbdefault\u00a0\u00bb custom_margin=\u00a0\u00bb10px||||false|false\u00a0\u00bb global_colors_info=\u00a0\u00bb{}\u00a0\u00bb][\/et_pb_image][et_pb_image src=\u00a0\u00bbhttps:\/\/dubuis-rudaz.ch\/wp-content\/uploads\/2021\/08\/IMG_0011-1920w.png\u00a0\u00bb title_text=\u00a0\u00bbIMG_0011-1920w\u00a0\u00bb disabled_on=\u00a0\u00bbon|on|off\u00a0\u00bb _builder_version=\u00a0\u00bb4.16&Prime; _module_preset=\u00a0\u00bbdefault\u00a0\u00bb global_colors_info=\u00a0\u00bb{}\u00a0\u00bb][\/et_pb_image][\/et_pb_column][et_pb_column type=\u00a0\u00bb2_3&Prime; _builder_version=\u00a0\u00bb4.16&Prime; _module_preset=\u00a0\u00bbdefault\u00a0\u00bb global_colors_info=\u00a0\u00bb{}\u00a0\u00bb][et_pb_text _builder_version=\u00a0\u00bb4.27.4&Prime; _module_preset=\u00a0\u00bbdefault\u00a0\u00bb text_font=\u00a0\u00bb|300|||||||\u00a0\u00bb text_text_color=\u00a0\u00bb#3F3C2F\u00a0\u00bb text_font_size=\u00a0\u00bb20px\u00a0\u00bb text_line_height=\u00a0\u00bb1.5em\u00a0\u00bb header_text_color=\u00a0\u00bb#3F3C2F\u00a0\u00bb header_font_size=\u00a0\u00bb50px\u00a0\u00bb header_line_height=\u00a0\u00bb1.2em\u00a0\u00bb header_font_size_tablet=\u00a0\u00bb\u00a0\u00bb header_font_size_phone=\u00a0\u00bb30px\u00a0\u00bb header_font_size_last_edited=\u00a0\u00bbon|phone\u00a0\u00bb header_line_height_tablet=\u00a0\u00bb\u00a0\u00bb header_line_height_phone=\u00a0\u00bb1.3em\u00a0\u00bb header_line_height_last_edited=\u00a0\u00bbon|phone\u00a0\u00bb global_colors_info=\u00a0\u00bb{}\u00a0\u00bb]<\/p>\n<div class=\"u_1142427201 dmRespCol small-12 large-8 medium-8\" id=\"1142427201\">\n<div class=\"u_1003272399 dmNewParagraph\" data-dmtmpl=\"true\" data-element-type=\"paragraph\" id=\"1003272399\" data-uialign=\"right\">\n<h1>Notre passion, notre philiosophie<\/h1>\n<div><\/div>\n<div>\n<div class=\"u_1006967720 dmNewParagraph\" id=\"1006967720\" data-element-type=\"paragraph\" data-dmtmpl=\"true\" data-uialign=\"left\">\n<p>La Terre ne nous appartient pas\u2026 c\u2019est nous qui lui appartenons.<br \/>Et \u00e0 ce titre, nous lui devons respect, gratitude, et une vraie responsabilit\u00e9.<\/p>\n<p>La cultiver avec soin, en pensant \u00e0 demain, c\u2019est pr\u00e9server notre propre avenir.<\/p>\n<p>\u00c9lever du vin, ce n\u2019est pas simplement ma\u00eetriser l\u2019\u0153nologie.<br \/>Ce n\u2019est pas une recette, ni une science exacte.<br \/>Parce que la vraie cr\u00e9atrice ici\u2026 c\u2019est la nature.<\/p>\n<p>Notre r\u00f4le ?<\/p>\n<p>Pas de la contr\u00f4ler, mais de l\u2019\u00e9couter.<br \/>Observer, comprendre, accompagner la vie dans ce qu\u2019elle a de plus impr\u00e9visible, puissant, et fragile \u00e0 la fois.<\/p>\n<p>Le vin vivant est le fruit d\u2019une collaboration subtile entre l\u2019humain et le vivant.<br \/>Il parle, il touche, il d\u00e9range parfois, mais il ne laisse jamais indiff\u00e9rent.<br \/>Parce qu\u2019il transmet quelque chose de vrai, d\u2019\u00e9motionnel, d\u2019unique.<\/p>\n<p>Ce vin-l\u00e0 ne cherche pas la perfection.<br \/>Il cherche le sens.<br \/>Il est authentique.<\/p>\n<p>Alors soyons humbles, curieux, et reconnaissants.<br \/>Parce que la nature nous offre plus qu\u2019un vin : elle nous offre une histoire \u00e0 \u00e9couter\u2026 et \u00e0 transmettre.<\/p>\n<\/div>\n<\/div>\n<\/div>\n<\/div>\n<p>[\/et_pb_text][\/et_pb_column][\/et_pb_row][\/et_pb_section]<\/p>\n","protected":false},"excerpt":{"rendered":"<p>Nos valeurs Notre passion, notre philiosophie La Terre ne nous appartient pas\u2026 c\u2019est nous qui lui appartenons.Et \u00e0 ce titre, nous lui devons respect, gratitude, et une vraie responsabilit\u00e9. La cultiver avec soin, en pensant \u00e0 demain, c\u2019est pr\u00e9server notre propre avenir. \u00c9lever du vin, ce n\u2019est pas simplement ma\u00eetriser l\u2019\u0153nologie.Ce n\u2019est pas une recette, [&hellip;]<\/p>\n","protected":false},"author":1,"featured_media":0,"parent":9,"menu_order":22,"comment_status":"closed","ping_status":"closed","template":"","meta":{"_et_pb_use_builder":"on","_et_pb_old_content":"<!-- wp:divi\/placeholder \/-->","_et_gb_content_width":"","footnotes":""},"class_list":["post-4701","page","type-page","status-publish","hentry"],"yoast_head":"<!-- This site is optimized with the Yoast SEO plugin v27.5 - https:\/\/yoast.com\/product\/yoast-seo-wordpress\/ -->\n<title>Pr\u00e9sentation de notre passion et philosophie | Dubuis Rudaz Sion<\/title>\n<meta name=\"description\" content=\"Description des valeurs que nous d\u00e9fendons en tant que d\u00e9fenseur du patrimoine. Recherche de l&#039;authenticit\u00e9 lors de la production de nos vins, dans le respect de la nature.\" \/>\n<meta name=\"robots\" content=\"index, follow, max-snippet:-1, max-image-preview:large, max-video-preview:-1\" \/>\n<link rel=\"canonical\" href=\"https:\/\/dubuis-rudaz.ch\/it\/qui-sommes-nous\/nos-valeurs\/\" \/>\n<meta property=\"og:locale\" content=\"it_IT\" \/>\n<meta property=\"og:type\" content=\"article\" \/>\n<meta property=\"og:title\" content=\"Pr\u00e9sentation de notre passion et philosophie | Dubuis Rudaz Sion\" \/>\n<meta property=\"og:description\" content=\"Description des valeurs que nous d\u00e9fendons en tant que d\u00e9fenseur du patrimoine. Recherche de l&#039;authenticit\u00e9 lors de la production de nos vins, dans le respect de la nature.\" \/>\n<meta property=\"og:url\" content=\"https:\/\/dubuis-rudaz.ch\/it\/qui-sommes-nous\/nos-valeurs\/\" \/>\n<meta property=\"og:site_name\" content=\"Dubuis Rudaz - Sion\" \/>\n<meta property=\"article:modified_time\" content=\"2025-07-28T17:15:06+00:00\" \/>\n<meta name=\"twitter:card\" content=\"summary_large_image\" \/>\n<meta name=\"twitter:label1\" content=\"Tempo di lettura stimato\" \/>\n\t<meta name=\"twitter:data1\" content=\"2 minuti\" \/>\n<script type=\"application\/ld+json\" class=\"yoast-schema-graph\">{\"@context\":\"https:\\\/\\\/schema.org\",\"@graph\":[{\"@type\":\"WebPage\",\"@id\":\"https:\\\/\\\/dubuis-rudaz.ch\\\/qui-sommes-nous\\\/nos-valeurs\\\/\",\"url\":\"https:\\\/\\\/dubuis-rudaz.ch\\\/qui-sommes-nous\\\/nos-valeurs\\\/\",\"name\":\"Pr\u00e9sentation de notre passion et philosophie | Dubuis Rudaz Sion\",\"isPartOf\":{\"@id\":\"https:\\\/\\\/dubuis-rudaz.ch\\\/#website\"},\"datePublished\":\"2025-07-28T04:38:29+00:00\",\"dateModified\":\"2025-07-28T17:15:06+00:00\",\"description\":\"Description des valeurs que nous d\u00e9fendons en tant que d\u00e9fenseur du patrimoine. Recherche de l'authenticit\u00e9 lors de la production de nos vins, dans le respect de la nature.\",\"breadcrumb\":{\"@id\":\"https:\\\/\\\/dubuis-rudaz.ch\\\/qui-sommes-nous\\\/nos-valeurs\\\/#breadcrumb\"},\"inLanguage\":\"it-IT\",\"potentialAction\":[{\"@type\":\"ReadAction\",\"target\":[\"https:\\\/\\\/dubuis-rudaz.ch\\\/qui-sommes-nous\\\/nos-valeurs\\\/\"]}]},{\"@type\":\"BreadcrumbList\",\"@id\":\"https:\\\/\\\/dubuis-rudaz.ch\\\/qui-sommes-nous\\\/nos-valeurs\\\/#breadcrumb\",\"itemListElement\":[{\"@type\":\"ListItem\",\"position\":1,\"name\":\"Accueil\",\"item\":\"https:\\\/\\\/dubuis-rudaz.ch\\\/\"},{\"@type\":\"ListItem\",\"position\":2,\"name\":\"Qui sommes-nous\",\"item\":\"https:\\\/\\\/dubuis-rudaz.ch\\\/qui-sommes-nous\\\/\"},{\"@type\":\"ListItem\",\"position\":3,\"name\":\"Nos-valeurs\"}]},{\"@type\":\"WebSite\",\"@id\":\"https:\\\/\\\/dubuis-rudaz.ch\\\/#website\",\"url\":\"https:\\\/\\\/dubuis-rudaz.ch\\\/\",\"name\":\"Dubuis Rudaz - Sion\",\"description\":\"Vigneron encaveur valaisans depuis 1986\",\"publisher\":{\"@id\":\"https:\\\/\\\/dubuis-rudaz.ch\\\/#organization\"},\"potentialAction\":[{\"@type\":\"SearchAction\",\"target\":{\"@type\":\"EntryPoint\",\"urlTemplate\":\"https:\\\/\\\/dubuis-rudaz.ch\\\/?s={search_term_string}\"},\"query-input\":{\"@type\":\"PropertyValueSpecification\",\"valueRequired\":true,\"valueName\":\"search_term_string\"}}],\"inLanguage\":\"it-IT\"},{\"@type\":\"Organization\",\"@id\":\"https:\\\/\\\/dubuis-rudaz.ch\\\/#organization\",\"name\":\"Dubuis Rudaz Vins - Sion\",\"url\":\"https:\\\/\\\/dubuis-rudaz.ch\\\/\",\"logo\":{\"@type\":\"ImageObject\",\"inLanguage\":\"it-IT\",\"@id\":\"https:\\\/\\\/dubuis-rudaz.ch\\\/#\\\/schema\\\/logo\\\/image\\\/\",\"url\":\"https:\\\/\\\/dubuis-rudaz.ch\\\/wp-content\\\/uploads\\\/2021\\\/08\\\/favicon.png\",\"contentUrl\":\"https:\\\/\\\/dubuis-rudaz.ch\\\/wp-content\\\/uploads\\\/2021\\\/08\\\/favicon.png\",\"width\":501,\"height\":501,\"caption\":\"Dubuis Rudaz Vins - Sion\"},\"image\":{\"@id\":\"https:\\\/\\\/dubuis-rudaz.ch\\\/#\\\/schema\\\/logo\\\/image\\\/\"}}]}<\/script>\n<!-- \/ Yoast SEO plugin. -->","yoast_head_json":{"title":"Pr\u00e9sentation de notre passion et philosophie | Dubuis Rudaz Sion","description":"Description des valeurs que nous d\u00e9fendons en tant que d\u00e9fenseur du patrimoine. Recherche de l'authenticit\u00e9 lors de la production de nos vins, dans le respect de la nature.","robots":{"index":"index","follow":"follow","max-snippet":"max-snippet:-1","max-image-preview":"max-image-preview:large","max-video-preview":"max-video-preview:-1"},"canonical":"https:\/\/dubuis-rudaz.ch\/it\/qui-sommes-nous\/nos-valeurs\/","og_locale":"it_IT","og_type":"article","og_title":"Pr\u00e9sentation de notre passion et philosophie | Dubuis Rudaz Sion","og_description":"Description des valeurs que nous d\u00e9fendons en tant que d\u00e9fenseur du patrimoine. Recherche de l'authenticit\u00e9 lors de la production de nos vins, dans le respect de la nature.","og_url":"https:\/\/dubuis-rudaz.ch\/it\/qui-sommes-nous\/nos-valeurs\/","og_site_name":"Dubuis Rudaz - Sion","article_modified_time":"2025-07-28T17:15:06+00:00","twitter_card":"summary_large_image","twitter_misc":{"Tempo di lettura stimato":"2 minuti"},"schema":{"@context":"https:\/\/schema.org","@graph":[{"@type":"WebPage","@id":"https:\/\/dubuis-rudaz.ch\/qui-sommes-nous\/nos-valeurs\/","url":"https:\/\/dubuis-rudaz.ch\/qui-sommes-nous\/nos-valeurs\/","name":"Pr\u00e9sentation de notre passion et philosophie | Dubuis Rudaz Sion","isPartOf":{"@id":"https:\/\/dubuis-rudaz.ch\/#website"},"datePublished":"2025-07-28T04:38:29+00:00","dateModified":"2025-07-28T17:15:06+00:00","description":"Description des valeurs que nous d\u00e9fendons en tant que d\u00e9fenseur du patrimoine. Recherche de l'authenticit\u00e9 lors de la production de nos vins, dans le respect de la nature.","breadcrumb":{"@id":"https:\/\/dubuis-rudaz.ch\/qui-sommes-nous\/nos-valeurs\/#breadcrumb"},"inLanguage":"it-IT","potentialAction":[{"@type":"ReadAction","target":["https:\/\/dubuis-rudaz.ch\/qui-sommes-nous\/nos-valeurs\/"]}]},{"@type":"BreadcrumbList","@id":"https:\/\/dubuis-rudaz.ch\/qui-sommes-nous\/nos-valeurs\/#breadcrumb","itemListElement":[{"@type":"ListItem","position":1,"name":"Accueil","item":"https:\/\/dubuis-rudaz.ch\/"},{"@type":"ListItem","position":2,"name":"Qui sommes-nous","item":"https:\/\/dubuis-rudaz.ch\/qui-sommes-nous\/"},{"@type":"ListItem","position":3,"name":"Nos-valeurs"}]},{"@type":"WebSite","@id":"https:\/\/dubuis-rudaz.ch\/#website","url":"https:\/\/dubuis-rudaz.ch\/","name":"Dubuis Rudaz-Sion","description":"Viticoltore vallesano dal 1986","publisher":{"@id":"https:\/\/dubuis-rudaz.ch\/#organization"},"potentialAction":[{"@type":"SearchAction","target":{"@type":"EntryPoint","urlTemplate":"https:\/\/dubuis-rudaz.ch\/?s={search_term_string}"},"query-input":{"@type":"PropertyValueSpecification","valueRequired":true,"valueName":"search_term_string"}}],"inLanguage":"it-IT"},{"@type":"Organization","@id":"https:\/\/dubuis-rudaz.ch\/#organization","name":"Vini Dubuis Rudaz - Sion","url":"https:\/\/dubuis-rudaz.ch\/","logo":{"@type":"ImageObject","inLanguage":"it-IT","@id":"https:\/\/dubuis-rudaz.ch\/#\/schema\/logo\/image\/","url":"https:\/\/dubuis-rudaz.ch\/wp-content\/uploads\/2021\/08\/favicon.png","contentUrl":"https:\/\/dubuis-rudaz.ch\/wp-content\/uploads\/2021\/08\/favicon.png","width":501,"height":501,"caption":"Dubuis Rudaz Vins - Sion"},"image":{"@id":"https:\/\/dubuis-rudaz.ch\/#\/schema\/logo\/image\/"}}]}},"_links":{"self":[{"href":"https:\/\/dubuis-rudaz.ch\/it\/wp-json\/wp\/v2\/pages\/4701","targetHints":{"allow":["GET"]}}],"collection":[{"href":"https:\/\/dubuis-rudaz.ch\/it\/wp-json\/wp\/v2\/pages"}],"about":[{"href":"https:\/\/dubuis-rudaz.ch\/it\/wp-json\/wp\/v2\/types\/page"}],"author":[{"embeddable":true,"href":"https:\/\/dubuis-rudaz.ch\/it\/wp-json\/wp\/v2\/users\/1"}],"replies":[{"embeddable":true,"href":"https:\/\/dubuis-rudaz.ch\/it\/wp-json\/wp\/v2\/comments?post=4701"}],"version-history":[{"count":5,"href":"https:\/\/dubuis-rudaz.ch\/it\/wp-json\/wp\/v2\/pages\/4701\/revisions"}],"predecessor-version":[{"id":4806,"href":"https:\/\/dubuis-rudaz.ch\/it\/wp-json\/wp\/v2\/pages\/4701\/revisions\/4806"}],"up":[{"embeddable":true,"href":"https:\/\/dubuis-rudaz.ch\/it\/wp-json\/wp\/v2\/pages\/9"}],"wp:attachment":[{"href":"https:\/\/dubuis-rudaz.ch\/it\/wp-json\/wp\/v2\/media?parent=4701"}],"curies":[{"name":"parola chiave","href":"https:\/\/api.w.org\/{rel}","templated":true}]}}