{"id":51,"date":"2021-08-28T09:06:40","date_gmt":"2021-08-28T07:06:40","guid":{"rendered":"https:\/\/dubuis-rudaz.provisoire.ch\/?page_id=51"},"modified":"2021-09-02T09:36:02","modified_gmt":"2021-09-02T07:36:02","slug":"la-qualite-vinatura","status":"publish","type":"page","link":"https:\/\/dubuis-rudaz.ch\/en\/production\/la-qualite-vinatura\/","title":{"rendered":"Vinatura quality"},"content":{"rendered":"\n[et_pb_section fb_built=\u00a0\u00bb1&Prime; _builder_version=\u00a0\u00bb4.10.5&Prime; _module_preset=\u00a0\u00bbdefault\u00a0\u00bb background_image=\u00a0\u00bbhttps:\/\/dubuis-rudaz.ch\/wp-content\/uploads\/2021\/08\/bg2.png\u00a0\u00bb background_position=\u00a0\u00bbtop_center\u00a0\u00bb custom_padding=\u00a0\u00bb||100px|||\u00a0\u00bb global_colors_info=\u00a0\u00bb{}\u00a0\u00bb][et_pb_row _builder_version=\u00a0\u00bb4.10.5&Prime; _module_preset=\u00a0\u00bbdefault\u00a0\u00bb global_colors_info=\u00a0\u00bb{}\u00a0\u00bb][et_pb_column type=\u00a0\u00bb4_4&Prime; _builder_version=\u00a0\u00bb4.10.5&Prime; _module_preset=\u00a0\u00bbdefault\u00a0\u00bb global_colors_info=\u00a0\u00bb{}\u00a0\u00bb][et_pb_text _builder_version=\u00a0\u00bb4.10.5&Prime; _module_preset=\u00a0\u00bbdefault\u00a0\u00bb header_2_text_color=\u00a0\u00bb#FFFFFF\u00a0\u00bb header_2_font_size=\u00a0\u00bb70px\u00a0\u00bb background_enable_image=\u00a0\u00bboff\u00a0\u00bb header_2_font_size_tablet=\u00a0\u00bb\u00a0\u00bb header_2_font_size_phone=\u00a0\u00bb50px\u00a0\u00bb header_2_font_size_last_edited=\u00a0\u00bbon|phone\u00a0\u00bb global_colors_info=\u00a0\u00bb{}\u00a0\u00bb]<h2>La qualit\u00e9 Vinatura<\/h2>[\/et_pb_text][\/et_pb_column][\/et_pb_row][\/et_pb_section][et_pb_section fb_built=\u00a0\u00bb1&Prime; _builder_version=\u00a0\u00bb4.10.5&Prime; _module_preset=\u00a0\u00bbdefault\u00a0\u00bb global_colors_info=\u00a0\u00bb{}\u00a0\u00bb][et_pb_row column_structure=\u00a0\u00bb1_3,2_3&Prime; custom_padding_last_edited=\u00a0\u00bbon|phone\u00a0\u00bb _builder_version=\u00a0\u00bb4.10.5&Prime; _module_preset=\u00a0\u00bbdefault\u00a0\u00bb custom_padding_tablet=\u00a0\u00bb\u00a0\u00bb custom_padding_phone=\u00a0\u00bb0px||||false|false\u00a0\u00bb global_colors_info=\u00a0\u00bb{}\u00a0\u00bb][et_pb_column type=\u00a0\u00bb1_3&Prime; _builder_version=\u00a0\u00bb4.10.5&Prime; _module_preset=\u00a0\u00bbdefault\u00a0\u00bb global_colors_info=\u00a0\u00bb{}\u00a0\u00bb][et_pb_image src=\u00a0\u00bbhttps:\/\/dubuis-rudaz.ch\/wp-content\/uploads\/2021\/08\/vina-blk.png\u00a0\u00bb title_text=\u00a0\u00bbvina-blk\u00a0\u00bb _builder_version=\u00a0\u00bb4.10.5&Prime; _module_preset=\u00a0\u00bbdefault\u00a0\u00bb global_colors_info=\u00a0\u00bb{}\u00a0\u00bb][\/et_pb_image][et_pb_image src=\u00a0\u00bbhttps:\/\/dubuis-rudaz.ch\/wp-content\/uploads\/2021\/08\/IMG_0002-1920w.png\u00a0\u00bb title_text=\u00a0\u00bbIMG_0002-1920w\u00a0\u00bb disabled_on=\u00a0\u00bbon|on|off\u00a0\u00bb _builder_version=\u00a0\u00bb4.10.5&Prime; _module_preset=\u00a0\u00bbdefault\u00a0\u00bb custom_margin=\u00a0\u00bb40px||||false|false\u00a0\u00bb global_colors_info=\u00a0\u00bb{}\u00a0\u00bb][\/et_pb_image][et_pb_image src=\u00a0\u00bbhttps:\/\/dubuis-rudaz.ch\/wp-content\/uploads\/2021\/08\/DSC01981-1920w.png\u00a0\u00bb title_text=\u00a0\u00bbDSC01981-1920w\u00a0\u00bb disabled_on=\u00a0\u00bbon|on|off\u00a0\u00bb _builder_version=\u00a0\u00bb4.10.5&Prime; _module_preset=\u00a0\u00bbdefault\u00a0\u00bb custom_margin=\u00a0\u00bb40px||||false|false\u00a0\u00bb global_colors_info=\u00a0\u00bb{}\u00a0\u00bb][\/et_pb_image][\/et_pb_column][et_pb_column type=\u00a0\u00bb2_3&Prime; _builder_version=\u00a0\u00bb4.10.5&Prime; _module_preset=\u00a0\u00bbdefault\u00a0\u00bb global_colors_info=\u00a0\u00bb{}\u00a0\u00bb][et_pb_text _builder_version=\u00a0\u00bb4.10.5&Prime; _module_preset=\u00a0\u00bbdefault\u00a0\u00bb text_text_color=\u00a0\u00bb#000000&Prime; text_font_size=\u00a0\u00bb20px\u00a0\u00bb text_line_height=\u00a0\u00bb1.5em\u00a0\u00bb header_text_color=\u00a0\u00bb#820000&Prime; header_font_size=\u00a0\u00bb50px\u00a0\u00bb header_line_height=\u00a0\u00bb2em\u00a0\u00bb hover_enabled=\u00a0\u00bb0&Prime; header_font_size_tablet=\u00a0\u00bb\u00a0\u00bb header_font_size_phone=\u00a0\u00bb30px\u00a0\u00bb header_font_size_last_edited=\u00a0\u00bbon|phone\u00a0\u00bb header_line_height_tablet=\u00a0\u00bb\u00a0\u00bb header_line_height_phone=\u00a0\u00bb1.3em\u00a0\u00bb header_line_height_last_edited=\u00a0\u00bbon|phone\u00a0\u00bb global_colors_info=\u00a0\u00bb{}\u00a0\u00bb sticky_enabled=\u00a0\u00bb0&Prime;]<div class=\"u_gagedequalite dmRespRow dmDefaultListContentRow\" id=\"gagedequalite\" data-anchor=\"gage de qualite\">\n<div class=\"dmRespColsWrapper\" id=\"1721063488\">\n<div class=\"u_1834952641 small-12 dmRespCol medium-12 large-12\" id=\"1834952641\">\n<h1 class=\"u_1121339244 dmNewParagraph\" id=\"1121339244\" data-element-type=\"paragraph\" data-uialign=\"center\"><span class=\"m-specific lh-1 m-font-size-20\"><span>Notre qualit\u00e9<\/span><\/span><\/h1>\n<div class=\"u_1006967720 dmNewParagraph\" id=\"1006967720\" data-element-type=\"paragraph\" data-dmtmpl=\"true\" data-uialign=\"center\">\n<h3><span style=\"font-size: large;\">Tous les vins produits sur nos 17 hectares de vignes portent le label <span style=\"color: #800000;\"><strong>VINATURA<\/strong><\/span>.<\/span><\/h3>\n<div><span style=\"font-size: large;\">\u00a0<\/span><\/div>\n<div><span style=\"font-size: large;\">Sous le label <span style=\"color: #800000;\"><strong>VINATURA<\/strong><\/span> vous ne trouverez que des vins Suisses issus de domaines contr\u00f4l\u00e9s\u00a0<\/span><\/div>\n<div><span style=\"font-size: large;\">respectant des m\u00e9thodes culturales \u00e9cologiques.<\/span><\/div>\n<div><span style=\"font-size: large;\">\u00a0<\/span><\/div>\n<div><span style=\"font-size: large;\"><strong><span style=\"color: #800000;\">VINATURA<\/span><\/strong> est une marque d\u00e9pos\u00e9e par VITISWISS. F\u00e9d\u00e9ration Suisse pour la production\u00a0<\/span><\/div>\n<div><span style=\"font-size: large;\">\u00e9cologique en viticulture.<\/span><\/div>\n<div><span style=\"font-size: large;\">\u00a0<\/span><\/div>\n<div><span style=\"font-size: large;\">Une commission de d\u00e9gustation neutre et ind\u00e9pendante, ainsi qu&rsquo;un rapport d&rsquo;analyses oenologiques<\/span><\/div>\n<div><span style=\"font-size: large;\">garantissent un label de qualit\u00e9, de respect des terroirs et des c\u00e9pages.<\/span><\/div>\n<div><span style=\"font-size: large;\">\u00a0<\/span><\/div>\n<div><span style=\"font-size: large;\">Les directives de VITISWISS assurent :<\/span><\/div>\n<ul>\n<li><span style=\"font-size: large;\">Que les c\u00e9pages soient adapt\u00e9s aux sols.<\/span><\/li>\n<li>Que la fertilit\u00e9 des sols soi maintenue de fa\u00e7on naturelle.<\/li>\n<li><span style=\"font-size: large;\">Que les sols soient enherb\u00e9s afin de pr\u00e9server une biodiversit\u00e9 naturelle.<\/span><\/li>\n<li><span style=\"font-size: large;\">Que les normes oenologiques en vigueur en Suisse soient respect\u00e9es.<\/span><\/li>\n<li><span style=\"font-size: large;\">Que les eaux ne soient pas utilis\u00e9es inutilement.<\/span><\/li>\n<li><span style=\"font-size: large;\">Que l&rsquo;aspect <b>social et s\u00e9curitaire<\/b> des collaborateurs soit assur\u00e9.\u00a0<\/span><\/li>\n<\/ul>\n<div><span style=\"font-size: large;\">\u00a0<\/span><\/div>\n<div><span style=\"color: #800000;\"><span style=\"font-size: large;\"><b>CHEZ NOUS LA QUALITE N&rsquo;EST PAS QU&rsquo;UN MOT MAIS EGALEMENT DES FAITS VOUS\u00a0<\/b><\/span><span style=\"font-size: large;\"><b>GARANTISSANT DES PRODUITS ALLIMENTAIRES SAINS<\/b><\/span><\/span><\/div>\n<\/div>\n<\/div>\n<\/div>\n<\/div>[\/et_pb_text][\/et_pb_column][\/et_pb_row][\/et_pb_section]\n","protected":false},"excerpt":{"rendered":"<p>La qualit\u00e9 Vinatura Notre qualit\u00e9 Tous les vins produits sur nos 17 hectares de vignes portent le label VINATURA. \u00a0 Sous le label VINATURA vous ne trouverez que des vins Suisses issus de domaines contr\u00f4l\u00e9s\u00a0 respectant des m\u00e9thodes culturales \u00e9cologiques. \u00a0 VINATURA est une marque d\u00e9pos\u00e9e par VITISWISS. F\u00e9d\u00e9ration Suisse pour la production\u00a0 \u00e9cologique en [&hellip;]<\/p>\n","protected":false},"author":1,"featured_media":0,"parent":11,"menu_order":32,"comment_status":"closed","ping_status":"closed","template":"","meta":{"_et_pb_use_builder":"on","_et_pb_old_content":"<!-- wp:divi\/placeholder \/-->","_et_gb_content_width":"","footnotes":""},"class_list":["post-51","page","type-page","status-publish","hentry"],"yoast_head":"<!-- This site is optimized with the Yoast SEO plugin v27.4 - https:\/\/yoast.com\/product\/yoast-seo-wordpress\/ -->\n<title>La qualit\u00e9 Vinatura | Dubuis Rudaz Sion<\/title>\n<meta name=\"description\" content=\"Notre domaine de 17 hectares jouit d&#039;une situation des plus privil\u00e9gi\u00e9es du canton du Valais. Depuis 1995 la totalit\u00e9 de la production est cultiv\u00e9e aux normes Vitival . Cette m\u00e9thode r\u00e9pond aux normes strictes de Vitiswiss qui pr\u00f4nent une viticulture respectueuse de l&#039;\u00e9cologie...\" \/>\n<meta name=\"robots\" content=\"index, follow, max-snippet:-1, max-image-preview:large, max-video-preview:-1\" \/>\n<link rel=\"canonical\" href=\"https:\/\/dubuis-rudaz.ch\/en\/production\/la-qualite-vinatura\/\" \/>\n<meta property=\"og:locale\" content=\"en_GB\" \/>\n<meta property=\"og:type\" content=\"article\" \/>\n<meta property=\"og:title\" content=\"La qualit\u00e9 Vinatura | Dubuis Rudaz Sion\" \/>\n<meta property=\"og:description\" content=\"Notre domaine de 17 hectares jouit d&#039;une situation des plus privil\u00e9gi\u00e9es du canton du Valais. Depuis 1995 la totalit\u00e9 de la production est cultiv\u00e9e aux normes Vitival . Cette m\u00e9thode r\u00e9pond aux normes strictes de Vitiswiss qui pr\u00f4nent une viticulture respectueuse de l&#039;\u00e9cologie...\" \/>\n<meta property=\"og:url\" content=\"https:\/\/dubuis-rudaz.ch\/en\/production\/la-qualite-vinatura\/\" \/>\n<meta property=\"og:site_name\" content=\"Dubuis Rudaz - Sion\" \/>\n<meta property=\"article:modified_time\" content=\"2021-09-02T07:36:02+00:00\" \/>\n<meta name=\"twitter:card\" content=\"summary_large_image\" \/>\n<meta name=\"twitter:label1\" content=\"Estimated reading time\" \/>\n\t<meta name=\"twitter:data1\" content=\"2 minutes\" \/>\n<script type=\"application\/ld+json\" class=\"yoast-schema-graph\">{\"@context\":\"https:\\\/\\\/schema.org\",\"@graph\":[{\"@type\":\"WebPage\",\"@id\":\"https:\\\/\\\/dubuis-rudaz.ch\\\/production\\\/la-qualite-vinatura\\\/\",\"url\":\"https:\\\/\\\/dubuis-rudaz.ch\\\/production\\\/la-qualite-vinatura\\\/\",\"name\":\"La qualit\u00e9 Vinatura | Dubuis Rudaz Sion\",\"isPartOf\":{\"@id\":\"https:\\\/\\\/dubuis-rudaz.ch\\\/#website\"},\"datePublished\":\"2021-08-28T07:06:40+00:00\",\"dateModified\":\"2021-09-02T07:36:02+00:00\",\"description\":\"Notre domaine de 17 hectares jouit d'une situation des plus privil\u00e9gi\u00e9es du canton du Valais. Depuis 1995 la totalit\u00e9 de la production est cultiv\u00e9e aux normes Vitival . Cette m\u00e9thode r\u00e9pond aux normes strictes de Vitiswiss qui pr\u00f4nent une viticulture respectueuse de l'\u00e9cologie...\",\"breadcrumb\":{\"@id\":\"https:\\\/\\\/dubuis-rudaz.ch\\\/production\\\/la-qualite-vinatura\\\/#breadcrumb\"},\"inLanguage\":\"en-GB\",\"potentialAction\":[{\"@type\":\"ReadAction\",\"target\":[\"https:\\\/\\\/dubuis-rudaz.ch\\\/production\\\/la-qualite-vinatura\\\/\"]}]},{\"@type\":\"BreadcrumbList\",\"@id\":\"https:\\\/\\\/dubuis-rudaz.ch\\\/production\\\/la-qualite-vinatura\\\/#breadcrumb\",\"itemListElement\":[{\"@type\":\"ListItem\",\"position\":1,\"name\":\"Accueil\",\"item\":\"https:\\\/\\\/dubuis-rudaz.ch\\\/\"},{\"@type\":\"ListItem\",\"position\":2,\"name\":\"Production\",\"item\":\"https:\\\/\\\/dubuis-rudaz.ch\\\/production\\\/\"},{\"@type\":\"ListItem\",\"position\":3,\"name\":\"La qualit\u00e9 Vinatura\"}]},{\"@type\":\"WebSite\",\"@id\":\"https:\\\/\\\/dubuis-rudaz.ch\\\/#website\",\"url\":\"https:\\\/\\\/dubuis-rudaz.ch\\\/\",\"name\":\"Dubuis Rudaz - Sion\",\"description\":\"Vigneron encaveur valaisans depuis 1986\",\"publisher\":{\"@id\":\"https:\\\/\\\/dubuis-rudaz.ch\\\/#organization\"},\"potentialAction\":[{\"@type\":\"SearchAction\",\"target\":{\"@type\":\"EntryPoint\",\"urlTemplate\":\"https:\\\/\\\/dubuis-rudaz.ch\\\/?s={search_term_string}\"},\"query-input\":{\"@type\":\"PropertyValueSpecification\",\"valueRequired\":true,\"valueName\":\"search_term_string\"}}],\"inLanguage\":\"en-GB\"},{\"@type\":\"Organization\",\"@id\":\"https:\\\/\\\/dubuis-rudaz.ch\\\/#organization\",\"name\":\"Dubuis Rudaz Vins - Sion\",\"url\":\"https:\\\/\\\/dubuis-rudaz.ch\\\/\",\"logo\":{\"@type\":\"ImageObject\",\"inLanguage\":\"en-GB\",\"@id\":\"https:\\\/\\\/dubuis-rudaz.ch\\\/#\\\/schema\\\/logo\\\/image\\\/\",\"url\":\"https:\\\/\\\/dubuis-rudaz.ch\\\/wp-content\\\/uploads\\\/2021\\\/08\\\/favicon.png\",\"contentUrl\":\"https:\\\/\\\/dubuis-rudaz.ch\\\/wp-content\\\/uploads\\\/2021\\\/08\\\/favicon.png\",\"width\":501,\"height\":501,\"caption\":\"Dubuis Rudaz Vins - Sion\"},\"image\":{\"@id\":\"https:\\\/\\\/dubuis-rudaz.ch\\\/#\\\/schema\\\/logo\\\/image\\\/\"}}]}<\/script>\n<!-- \/ Yoast SEO plugin. -->","yoast_head_json":{"title":"La qualit\u00e9 Vinatura | Dubuis Rudaz Sion","description":"Our 17-hectare estate enjoys one of the most privileged locations in the canton of Valais. Since 1995, the entire production has been cultivated according to Vitival standards. This method meets the strict Vitiswiss standards, which promote environmentally friendly viticulture...","robots":{"index":"index","follow":"follow","max-snippet":"max-snippet:-1","max-image-preview":"max-image-preview:large","max-video-preview":"max-video-preview:-1"},"canonical":"https:\/\/dubuis-rudaz.ch\/en\/production\/la-qualite-vinatura\/","og_locale":"en_GB","og_type":"article","og_title":"La qualit\u00e9 Vinatura | Dubuis Rudaz Sion","og_description":"Notre domaine de 17 hectares jouit d'une situation des plus privil\u00e9gi\u00e9es du canton du Valais. Depuis 1995 la totalit\u00e9 de la production est cultiv\u00e9e aux normes Vitival . Cette m\u00e9thode r\u00e9pond aux normes strictes de Vitiswiss qui pr\u00f4nent une viticulture respectueuse de l'\u00e9cologie...","og_url":"https:\/\/dubuis-rudaz.ch\/en\/production\/la-qualite-vinatura\/","og_site_name":"Dubuis Rudaz - Sion","article_modified_time":"2021-09-02T07:36:02+00:00","twitter_card":"summary_large_image","twitter_misc":{"Estimated reading time":"2 minutes"},"schema":{"@context":"https:\/\/schema.org","@graph":[{"@type":"WebPage","@id":"https:\/\/dubuis-rudaz.ch\/production\/la-qualite-vinatura\/","url":"https:\/\/dubuis-rudaz.ch\/production\/la-qualite-vinatura\/","name":"La qualit\u00e9 Vinatura | Dubuis Rudaz Sion","isPartOf":{"@id":"https:\/\/dubuis-rudaz.ch\/#website"},"datePublished":"2021-08-28T07:06:40+00:00","dateModified":"2021-09-02T07:36:02+00:00","description":"Our 17-hectare estate enjoys one of the most privileged locations in the canton of Valais. Since 1995, the entire production has been cultivated according to Vitival standards. This method meets the strict Vitiswiss standards, which promote environmentally friendly viticulture...","breadcrumb":{"@id":"https:\/\/dubuis-rudaz.ch\/production\/la-qualite-vinatura\/#breadcrumb"},"inLanguage":"en-GB","potentialAction":[{"@type":"ReadAction","target":["https:\/\/dubuis-rudaz.ch\/production\/la-qualite-vinatura\/"]}]},{"@type":"BreadcrumbList","@id":"https:\/\/dubuis-rudaz.ch\/production\/la-qualite-vinatura\/#breadcrumb","itemListElement":[{"@type":"ListItem","position":1,"name":"Accueil","item":"https:\/\/dubuis-rudaz.ch\/"},{"@type":"ListItem","position":2,"name":"Production","item":"https:\/\/dubuis-rudaz.ch\/production\/"},{"@type":"ListItem","position":3,"name":"La qualit\u00e9 Vinatura"}]},{"@type":"WebSite","@id":"https:\/\/dubuis-rudaz.ch\/#website","url":"https:\/\/dubuis-rudaz.ch\/","name":"Dubuis Rudaz - Sion","description":"Valais winegrower since 1986","publisher":{"@id":"https:\/\/dubuis-rudaz.ch\/#organization"},"potentialAction":[{"@type":"SearchAction","target":{"@type":"EntryPoint","urlTemplate":"https:\/\/dubuis-rudaz.ch\/?s={search_term_string}"},"query-input":{"@type":"PropertyValueSpecification","valueRequired":true,"valueName":"search_term_string"}}],"inLanguage":"en-GB"},{"@type":"Organization","@id":"https:\/\/dubuis-rudaz.ch\/#organization","name":"Dubuis Rudaz Wines - Sion","url":"https:\/\/dubuis-rudaz.ch\/","logo":{"@type":"ImageObject","inLanguage":"en-GB","@id":"https:\/\/dubuis-rudaz.ch\/#\/schema\/logo\/image\/","url":"https:\/\/dubuis-rudaz.ch\/wp-content\/uploads\/2021\/08\/favicon.png","contentUrl":"https:\/\/dubuis-rudaz.ch\/wp-content\/uploads\/2021\/08\/favicon.png","width":501,"height":501,"caption":"Dubuis Rudaz Vins - Sion"},"image":{"@id":"https:\/\/dubuis-rudaz.ch\/#\/schema\/logo\/image\/"}}]}},"_links":{"self":[{"href":"https:\/\/dubuis-rudaz.ch\/en\/wp-json\/wp\/v2\/pages\/51","targetHints":{"allow":["GET"]}}],"collection":[{"href":"https:\/\/dubuis-rudaz.ch\/en\/wp-json\/wp\/v2\/pages"}],"about":[{"href":"https:\/\/dubuis-rudaz.ch\/en\/wp-json\/wp\/v2\/types\/page"}],"author":[{"embeddable":true,"href":"https:\/\/dubuis-rudaz.ch\/en\/wp-json\/wp\/v2\/users\/1"}],"replies":[{"embeddable":true,"href":"https:\/\/dubuis-rudaz.ch\/en\/wp-json\/wp\/v2\/comments?post=51"}],"version-history":[{"count":8,"href":"https:\/\/dubuis-rudaz.ch\/en\/wp-json\/wp\/v2\/pages\/51\/revisions"}],"predecessor-version":[{"id":436,"href":"https:\/\/dubuis-rudaz.ch\/en\/wp-json\/wp\/v2\/pages\/51\/revisions\/436"}],"up":[{"embeddable":true,"href":"https:\/\/dubuis-rudaz.ch\/en\/wp-json\/wp\/v2\/pages\/11"}],"wp:attachment":[{"href":"https:\/\/dubuis-rudaz.ch\/en\/wp-json\/wp\/v2\/media?parent=51"}],"curies":[{"name":"wp","href":"https:\/\/api.w.org\/{rel}","templated":true}]}}