{"id":41,"date":"2021-08-28T09:04:12","date_gmt":"2021-08-28T07:04:12","guid":{"rendered":"https:\/\/dubuis-rudaz.provisoire.ch\/?page_id=41"},"modified":"2021-09-02T09:31:15","modified_gmt":"2021-09-02T07:31:15","slug":"notre-histoire","status":"publish","type":"page","link":"https:\/\/dubuis-rudaz.ch\/en\/qui-sommes-nous\/notre-histoire\/","title":{"rendered":"Our history"},"content":{"rendered":"<p>[et_pb_section fb_built=\u00a0\u00bb1&Prime; _builder_version=\u00a0\u00bb4.10.5&Prime; _module_preset=\u00a0\u00bbdefault\u00a0\u00bb background_image=\u00a0\u00bbhttps:\/\/dubuis-rudaz.ch\/wp-content\/uploads\/2021\/08\/20200914_191831-1920w.png\u00a0\u00bb background_position=\u00a0\u00bbbottom_center\u00a0\u00bb custom_padding=\u00a0\u00bb||100px|||\u00a0\u00bb global_colors_info=\u00a0\u00bb{}\u00a0\u00bb][et_pb_row _builder_version=\u00a0\u00bb4.10.5&Prime; _module_preset=\u00a0\u00bbdefault\u00a0\u00bb global_colors_info=\u00a0\u00bb{}\u00a0\u00bb][et_pb_column type=\u00a0\u00bb4_4&Prime; _builder_version=\u00a0\u00bb4.10.5&Prime; _module_preset=\u00a0\u00bbdefault\u00a0\u00bb global_colors_info=\u00a0\u00bb{}\u00a0\u00bb][et_pb_text _builder_version=\u00a0\u00bb4.10.5&Prime; _module_preset=\u00a0\u00bbdefault\u00a0\u00bb header_2_text_color=\u00a0\u00bb#FFFFFF\u00a0\u00bb header_2_font_size=\u00a0\u00bb70px\u00a0\u00bb background_enable_image=\u00a0\u00bboff\u00a0\u00bb hover_enabled=\u00a0\u00bb0&Prime; header_2_font_size_tablet=\u00a0\u00bb\u00a0\u00bb header_2_font_size_phone=\u00a0\u00bb50px\u00a0\u00bb header_2_font_size_last_edited=\u00a0\u00bbon|phone\u00a0\u00bb global_colors_info=\u00a0\u00bb{}\u00a0\u00bb sticky_enabled=\u00a0\u00bb0&Prime;]<\/p>\n<h2>Notre histoire<\/h2>\n<p>[\/et_pb_text][\/et_pb_column][\/et_pb_row][\/et_pb_section][et_pb_section fb_built=\u00a0\u00bb1&Prime; _builder_version=\u00a0\u00bb4.10.5&Prime; _module_preset=\u00a0\u00bbdefault\u00a0\u00bb global_colors_info=\u00a0\u00bb{}\u00a0\u00bb][et_pb_row column_structure=\u00a0\u00bb1_3,2_3&Prime; custom_padding_last_edited=\u00a0\u00bbon|phone\u00a0\u00bb _builder_version=\u00a0\u00bb4.10.5&Prime; _module_preset=\u00a0\u00bbdefault\u00a0\u00bb custom_padding_tablet=\u00a0\u00bb\u00a0\u00bb custom_padding_phone=\u00a0\u00bb0px||||false|false\u00a0\u00bb global_colors_info=\u00a0\u00bb{}\u00a0\u00bb][et_pb_column type=\u00a0\u00bb1_3&Prime; _builder_version=\u00a0\u00bb4.10.5&Prime; _module_preset=\u00a0\u00bbdefault\u00a0\u00bb global_colors_info=\u00a0\u00bb{}\u00a0\u00bb][et_pb_image src=\u00a0\u00bbhttps:\/\/dubuis-rudaz.ch\/wp-content\/uploads\/2021\/08\/a0472b34-6105-473d-b9b7-4abdc5ce9b64-1920w.png\u00a0\u00bb title_text=\u00a0\u00bba0472b34-6105-473d-b9b7-4abdc5ce9b64-1920w\u00a0\u00bb _builder_version=\u00a0\u00bb4.10.5&Prime; _module_preset=\u00a0\u00bbdefault\u00a0\u00bb custom_margin=\u00a0\u00bb40px||||false|false\u00a0\u00bb global_colors_info=\u00a0\u00bb{}\u00a0\u00bb][\/et_pb_image][\/et_pb_column][et_pb_column type=\u00a0\u00bb2_3&Prime; _builder_version=\u00a0\u00bb4.10.5&Prime; _module_preset=\u00a0\u00bbdefault\u00a0\u00bb global_colors_info=\u00a0\u00bb{}\u00a0\u00bb][et_pb_text _builder_version=\u00a0\u00bb4.10.5&Prime; _module_preset=\u00a0\u00bbdefault\u00a0\u00bb text_text_color=\u00a0\u00bb#000000&Prime; text_font_size=\u00a0\u00bb20px\u00a0\u00bb text_line_height=\u00a0\u00bb1.5em\u00a0\u00bb header_text_color=\u00a0\u00bb#820000&Prime; header_font_size=\u00a0\u00bb50px\u00a0\u00bb header_line_height=\u00a0\u00bb2em\u00a0\u00bb hover_enabled=\u00a0\u00bb0&Prime; header_font_size_tablet=\u00a0\u00bb\u00a0\u00bb header_font_size_phone=\u00a0\u00bb30px\u00a0\u00bb header_font_size_last_edited=\u00a0\u00bbon|phone\u00a0\u00bb header_line_height_tablet=\u00a0\u00bb\u00a0\u00bb header_line_height_phone=\u00a0\u00bb1.3em\u00a0\u00bb header_line_height_last_edited=\u00a0\u00bbon|phone\u00a0\u00bb global_colors_info=\u00a0\u00bb{}\u00a0\u00bb sticky_enabled=\u00a0\u00bb0&Prime;]<\/p>\n<div class=\"u_1142427201 dmRespCol small-12 large-8 medium-8\" id=\"1142427201\">\n<h1 class=\"u_1041676485 dmNewParagraph\" data-element-type=\"paragraph\" id=\"1041676485\" data-uialign=\"left\"><span class=\"m-specific m-font-size-20 lh-1\">Historique de notre cave<\/span><\/h1>\n<div class=\"u_1003272399 dmNewParagraph\" data-dmtmpl=\"true\" data-element-type=\"paragraph\" id=\"1003272399\" data-uialign=\"right\">\n<div><span>N\u00e9e en 1985, la cave Dubuis &amp; Rudaz est le fruit d&rsquo;amis amoureux de la vigne et du vin. <\/span><span>D&rsquo;une activit\u00e9 secondaire, elle devient principale pour ses partenaires en 1994 et s&rsquo;installe alors \u00e0 Sion. Son seul but est d\u00e8s lors de produire des vins de grande qualit\u00e9 tout en sauvegardant le patrimoine.<\/span><\/div>\n<div><span>\u00a0<\/span><\/div>\n<div><span>Cet outil de travail est \u00e0 la fois performant et traditionnel, technologique mais authentique, moderne et respectueux de l&rsquo;environnement. La cave Dubuis &amp; Rudaz est signataire de la charte d&rsquo;\u00e9cologie d&rsquo;entreprise r\u00e9pondant aux normes de recyclage int\u00e9gral.<\/span><\/div>\n<div><\/div>\n<div><span>Elle sert autant \u00e0 l&rsquo;\u00e9levage de nos crus dans des cuves qu&rsquo;\u00e0 l&rsquo;\u00e9laboration traditionnelle de vins en f\u00fbt de ch\u00eane.<\/span><\/div>\n<\/div>\n<\/div>\n<p>[\/et_pb_text][\/et_pb_column][\/et_pb_row][\/et_pb_section]<\/p>\n","protected":false},"excerpt":{"rendered":"<p>Notre histoire Historique de notre cave N\u00e9e en 1985, la cave Dubuis &amp; Rudaz est le fruit d&rsquo;amis amoureux de la vigne et du vin. D&rsquo;une activit\u00e9 secondaire, elle devient principale pour ses partenaires en 1994 et s&rsquo;installe alors \u00e0 Sion. Son seul but est d\u00e8s lors de produire des vins de grande qualit\u00e9 tout [&hellip;]<\/p>\n","protected":false},"author":1,"featured_media":0,"parent":9,"menu_order":21,"comment_status":"closed","ping_status":"closed","template":"","meta":{"_et_pb_use_builder":"on","_et_pb_old_content":"<!-- wp:divi\/placeholder \/-->","_et_gb_content_width":"","footnotes":""},"class_list":["post-41","page","type-page","status-publish","hentry"],"yoast_head":"<!-- This site is optimized with the Yoast SEO plugin v27.4 - https:\/\/yoast.com\/product\/yoast-seo-wordpress\/ -->\n<title>Pr\u00e9sentation de l&#039;histoire de notre cave | Dubuis Rudaz Sion<\/title>\n<meta name=\"description\" content=\"L&#039;histoire de la cave Dubuis Rudaz \u00e0 Sion, de sa cr\u00e9ation en 1985 \u00e0 aujourd&#039;hui. D\u00e9fense du patrimoine et charte \u00e9cologique.\" \/>\n<meta name=\"robots\" content=\"index, follow, max-snippet:-1, max-image-preview:large, max-video-preview:-1\" \/>\n<link rel=\"canonical\" href=\"https:\/\/dubuis-rudaz.ch\/en\/qui-sommes-nous\/notre-histoire\/\" \/>\n<meta property=\"og:locale\" content=\"en_GB\" \/>\n<meta property=\"og:type\" content=\"article\" \/>\n<meta property=\"og:title\" content=\"Pr\u00e9sentation de l&#039;histoire de notre cave | Dubuis Rudaz Sion\" \/>\n<meta property=\"og:description\" content=\"L&#039;histoire de la cave Dubuis Rudaz \u00e0 Sion, de sa cr\u00e9ation en 1985 \u00e0 aujourd&#039;hui. D\u00e9fense du patrimoine et charte \u00e9cologique.\" \/>\n<meta property=\"og:url\" content=\"https:\/\/dubuis-rudaz.ch\/en\/qui-sommes-nous\/notre-histoire\/\" \/>\n<meta property=\"og:site_name\" content=\"Dubuis Rudaz - Sion\" \/>\n<meta property=\"article:modified_time\" content=\"2021-09-02T07:31:15+00:00\" \/>\n<meta name=\"twitter:card\" content=\"summary_large_image\" \/>\n<meta name=\"twitter:label1\" content=\"Estimated reading time\" \/>\n\t<meta name=\"twitter:data1\" content=\"1 minute\" \/>\n<script type=\"application\/ld+json\" class=\"yoast-schema-graph\">{\"@context\":\"https:\\\/\\\/schema.org\",\"@graph\":[{\"@type\":\"WebPage\",\"@id\":\"https:\\\/\\\/dubuis-rudaz.ch\\\/qui-sommes-nous\\\/notre-histoire\\\/\",\"url\":\"https:\\\/\\\/dubuis-rudaz.ch\\\/qui-sommes-nous\\\/notre-histoire\\\/\",\"name\":\"Pr\u00e9sentation de l'histoire de notre cave | Dubuis Rudaz Sion\",\"isPartOf\":{\"@id\":\"https:\\\/\\\/dubuis-rudaz.ch\\\/#website\"},\"datePublished\":\"2021-08-28T07:04:12+00:00\",\"dateModified\":\"2021-09-02T07:31:15+00:00\",\"description\":\"L'histoire de la cave Dubuis Rudaz \u00e0 Sion, de sa cr\u00e9ation en 1985 \u00e0 aujourd'hui. D\u00e9fense du patrimoine et charte \u00e9cologique.\",\"breadcrumb\":{\"@id\":\"https:\\\/\\\/dubuis-rudaz.ch\\\/qui-sommes-nous\\\/notre-histoire\\\/#breadcrumb\"},\"inLanguage\":\"en-GB\",\"potentialAction\":[{\"@type\":\"ReadAction\",\"target\":[\"https:\\\/\\\/dubuis-rudaz.ch\\\/qui-sommes-nous\\\/notre-histoire\\\/\"]}]},{\"@type\":\"BreadcrumbList\",\"@id\":\"https:\\\/\\\/dubuis-rudaz.ch\\\/qui-sommes-nous\\\/notre-histoire\\\/#breadcrumb\",\"itemListElement\":[{\"@type\":\"ListItem\",\"position\":1,\"name\":\"Accueil\",\"item\":\"https:\\\/\\\/dubuis-rudaz.ch\\\/\"},{\"@type\":\"ListItem\",\"position\":2,\"name\":\"Qui sommes-nous\",\"item\":\"https:\\\/\\\/dubuis-rudaz.ch\\\/qui-sommes-nous\\\/\"},{\"@type\":\"ListItem\",\"position\":3,\"name\":\"Notre histoire\"}]},{\"@type\":\"WebSite\",\"@id\":\"https:\\\/\\\/dubuis-rudaz.ch\\\/#website\",\"url\":\"https:\\\/\\\/dubuis-rudaz.ch\\\/\",\"name\":\"Dubuis Rudaz - Sion\",\"description\":\"Vigneron encaveur valaisans depuis 1986\",\"publisher\":{\"@id\":\"https:\\\/\\\/dubuis-rudaz.ch\\\/#organization\"},\"potentialAction\":[{\"@type\":\"SearchAction\",\"target\":{\"@type\":\"EntryPoint\",\"urlTemplate\":\"https:\\\/\\\/dubuis-rudaz.ch\\\/?s={search_term_string}\"},\"query-input\":{\"@type\":\"PropertyValueSpecification\",\"valueRequired\":true,\"valueName\":\"search_term_string\"}}],\"inLanguage\":\"en-GB\"},{\"@type\":\"Organization\",\"@id\":\"https:\\\/\\\/dubuis-rudaz.ch\\\/#organization\",\"name\":\"Dubuis Rudaz Vins - Sion\",\"url\":\"https:\\\/\\\/dubuis-rudaz.ch\\\/\",\"logo\":{\"@type\":\"ImageObject\",\"inLanguage\":\"en-GB\",\"@id\":\"https:\\\/\\\/dubuis-rudaz.ch\\\/#\\\/schema\\\/logo\\\/image\\\/\",\"url\":\"https:\\\/\\\/dubuis-rudaz.ch\\\/wp-content\\\/uploads\\\/2021\\\/08\\\/favicon.png\",\"contentUrl\":\"https:\\\/\\\/dubuis-rudaz.ch\\\/wp-content\\\/uploads\\\/2021\\\/08\\\/favicon.png\",\"width\":501,\"height\":501,\"caption\":\"Dubuis Rudaz Vins - Sion\"},\"image\":{\"@id\":\"https:\\\/\\\/dubuis-rudaz.ch\\\/#\\\/schema\\\/logo\\\/image\\\/\"}}]}<\/script>\n<!-- \/ Yoast SEO plugin. -->","yoast_head_json":{"title":"Presentation of the history of our cellar | Dubuis Rudaz Sion","description":"The history of the Dubuis Rudaz winery in Sion, from its creation in 1985 to the present day. Heritage protection and ecological charter.","robots":{"index":"index","follow":"follow","max-snippet":"max-snippet:-1","max-image-preview":"max-image-preview:large","max-video-preview":"max-video-preview:-1"},"canonical":"https:\/\/dubuis-rudaz.ch\/en\/qui-sommes-nous\/notre-histoire\/","og_locale":"en_GB","og_type":"article","og_title":"Pr\u00e9sentation de l'histoire de notre cave | Dubuis Rudaz Sion","og_description":"L'histoire de la cave Dubuis Rudaz \u00e0 Sion, de sa cr\u00e9ation en 1985 \u00e0 aujourd'hui. D\u00e9fense du patrimoine et charte \u00e9cologique.","og_url":"https:\/\/dubuis-rudaz.ch\/en\/qui-sommes-nous\/notre-histoire\/","og_site_name":"Dubuis Rudaz - Sion","article_modified_time":"2021-09-02T07:31:15+00:00","twitter_card":"summary_large_image","twitter_misc":{"Estimated reading time":"1 minute"},"schema":{"@context":"https:\/\/schema.org","@graph":[{"@type":"WebPage","@id":"https:\/\/dubuis-rudaz.ch\/qui-sommes-nous\/notre-histoire\/","url":"https:\/\/dubuis-rudaz.ch\/qui-sommes-nous\/notre-histoire\/","name":"Presentation of the history of our cellar | Dubuis Rudaz Sion","isPartOf":{"@id":"https:\/\/dubuis-rudaz.ch\/#website"},"datePublished":"2021-08-28T07:04:12+00:00","dateModified":"2021-09-02T07:31:15+00:00","description":"The history of the Dubuis Rudaz winery in Sion, from its creation in 1985 to the present day. Heritage protection and ecological charter.","breadcrumb":{"@id":"https:\/\/dubuis-rudaz.ch\/qui-sommes-nous\/notre-histoire\/#breadcrumb"},"inLanguage":"en-GB","potentialAction":[{"@type":"ReadAction","target":["https:\/\/dubuis-rudaz.ch\/qui-sommes-nous\/notre-histoire\/"]}]},{"@type":"BreadcrumbList","@id":"https:\/\/dubuis-rudaz.ch\/qui-sommes-nous\/notre-histoire\/#breadcrumb","itemListElement":[{"@type":"ListItem","position":1,"name":"Accueil","item":"https:\/\/dubuis-rudaz.ch\/"},{"@type":"ListItem","position":2,"name":"Qui sommes-nous","item":"https:\/\/dubuis-rudaz.ch\/qui-sommes-nous\/"},{"@type":"ListItem","position":3,"name":"Notre histoire"}]},{"@type":"WebSite","@id":"https:\/\/dubuis-rudaz.ch\/#website","url":"https:\/\/dubuis-rudaz.ch\/","name":"Dubuis Rudaz - Sion","description":"Valais winegrower since 1986","publisher":{"@id":"https:\/\/dubuis-rudaz.ch\/#organization"},"potentialAction":[{"@type":"SearchAction","target":{"@type":"EntryPoint","urlTemplate":"https:\/\/dubuis-rudaz.ch\/?s={search_term_string}"},"query-input":{"@type":"PropertyValueSpecification","valueRequired":true,"valueName":"search_term_string"}}],"inLanguage":"en-GB"},{"@type":"Organization","@id":"https:\/\/dubuis-rudaz.ch\/#organization","name":"Dubuis Rudaz Wines - Sion","url":"https:\/\/dubuis-rudaz.ch\/","logo":{"@type":"ImageObject","inLanguage":"en-GB","@id":"https:\/\/dubuis-rudaz.ch\/#\/schema\/logo\/image\/","url":"https:\/\/dubuis-rudaz.ch\/wp-content\/uploads\/2021\/08\/favicon.png","contentUrl":"https:\/\/dubuis-rudaz.ch\/wp-content\/uploads\/2021\/08\/favicon.png","width":501,"height":501,"caption":"Dubuis Rudaz Vins - Sion"},"image":{"@id":"https:\/\/dubuis-rudaz.ch\/#\/schema\/logo\/image\/"}}]}},"_links":{"self":[{"href":"https:\/\/dubuis-rudaz.ch\/en\/wp-json\/wp\/v2\/pages\/41","targetHints":{"allow":["GET"]}}],"collection":[{"href":"https:\/\/dubuis-rudaz.ch\/en\/wp-json\/wp\/v2\/pages"}],"about":[{"href":"https:\/\/dubuis-rudaz.ch\/en\/wp-json\/wp\/v2\/types\/page"}],"author":[{"embeddable":true,"href":"https:\/\/dubuis-rudaz.ch\/en\/wp-json\/wp\/v2\/users\/1"}],"replies":[{"embeddable":true,"href":"https:\/\/dubuis-rudaz.ch\/en\/wp-json\/wp\/v2\/comments?post=41"}],"version-history":[{"count":7,"href":"https:\/\/dubuis-rudaz.ch\/en\/wp-json\/wp\/v2\/pages\/41\/revisions"}],"predecessor-version":[{"id":433,"href":"https:\/\/dubuis-rudaz.ch\/en\/wp-json\/wp\/v2\/pages\/41\/revisions\/433"}],"up":[{"embeddable":true,"href":"https:\/\/dubuis-rudaz.ch\/en\/wp-json\/wp\/v2\/pages\/9"}],"wp:attachment":[{"href":"https:\/\/dubuis-rudaz.ch\/en\/wp-json\/wp\/v2\/media?parent=41"}],"curies":[{"name":"wp","href":"https:\/\/api.w.org\/{rel}","templated":true}]}}