{"id":4514,"date":"2025-06-23T15:54:28","date_gmt":"2025-06-23T13:54:28","guid":{"rendered":"https:\/\/dubuis-rudaz.ch\/?post_type=product&#038;p=4514"},"modified":"2025-10-01T12:15:38","modified_gmt":"2025-10-01T10:15:38","slug":"dole-blanche-de-sion-2023-aoc-valais","status":"publish","type":"product","link":"https:\/\/dubuis-rudaz.ch\/de\/produkt\/dole-blanche-de-sion-2023-aoc-valais\/","title":{"rendered":"D\u00f4le Blanche de Sion 2023 AOC Wallis"},"content":{"rendered":"<h2><strong>Verkostung<\/strong><\/h2>\n<ul>\n<li><strong>KLEID\u00a0<\/strong>: Klar, leicht lachsfarben, mit blassrosa Reflexen.<\/li>\n<li><strong>Nase :\u00a0<\/strong>Blumig, Noten von Waldbeeren, Erdbeere, Himbeere, Zitrusfr\u00fcchte.<\/li>\n<li><strong>Palast:\u00a0<\/strong>Rund, elegant, fein, harmonisch, sehr geschmeidig, lang im Mund.<\/li>\n<li><strong>Begleitung:\u00a0<\/strong>La D\u00f4le Blanche ist ein Wein, der eine gute Alternative zu Wei\u00dfweinen als Aperitif und zu Mahlzeiten f\u00fcr diejenigen darstellt, die mit Wei\u00dfwein nicht zufrieden sind. Er hat den Vorteil einer sommerlichen Farbe, was ihn zu einem Terrassenwein macht.<\/li>\n<li><strong>Daten: <\/strong>12,1 % Alkohol vol, Produktion 1 Kilo pro m\u00b2. Enth\u00e4lt Sulfite.<\/li>\n<li>Serviertemperatur 8 bis 10 Grad.<\/li>\n<li>3 bis 5 Jahre haltbar.<\/li>\n<\/ul>","protected":false},"excerpt":{"rendered":"<p>Pinot Noir und Gamay<\/p>\n<hr \/>\n<p>&nbsp;<\/p>","protected":false},"featured_media":4192,"template":"","meta":{"_et_pb_use_builder":"","_et_pb_old_content":"","_et_gb_content_width":""},"product_brand":[],"product_cat":[61,62],"product_tag":[],"class_list":{"0":"post-4514","1":"product","2":"type-product","3":"status-publish","4":"has-post-thumbnail","6":"product_cat-gamay-rose","7":"product_cat-pinot-noir-rose","9":"first","10":"instock","11":"taxable","12":"shipping-taxable","13":"purchasable","14":"product-type-variable","15":"has-default-attributes"},"yoast_head":"<!-- This site is optimized with the Yoast SEO plugin v27.4 - https:\/\/yoast.com\/product\/yoast-seo-wordpress\/ -->\n<title>D\u00f4le Blanche de Sion 2023 AOC Valais - Dubuis Rudaz - Sion<\/title>\n<meta name=\"robots\" content=\"index, follow, max-snippet:-1, max-image-preview:large, max-video-preview:-1\" \/>\n<link rel=\"canonical\" href=\"https:\/\/dubuis-rudaz.ch\/de\/produkt\/dole-blanche-de-sion-2023-aoc-valais\/\" \/>\n<meta property=\"og:locale\" content=\"de_DE\" \/>\n<meta property=\"og:type\" content=\"article\" \/>\n<meta property=\"og:title\" content=\"D\u00f4le Blanche de Sion 2023 AOC Valais - Dubuis Rudaz - Sion\" \/>\n<meta property=\"og:description\" content=\"Pinot Noir et Gamay    &nbsp;\" \/>\n<meta property=\"og:url\" content=\"https:\/\/dubuis-rudaz.ch\/de\/produkt\/dole-blanche-de-sion-2023-aoc-valais\/\" \/>\n<meta property=\"og:site_name\" content=\"Dubuis Rudaz - Sion\" \/>\n<meta property=\"article:modified_time\" content=\"2025-10-01T10:15:38+00:00\" \/>\n<meta property=\"og:image\" content=\"https:\/\/dubuis-rudaz.ch\/wp-content\/uploads\/2025\/06\/dole-blanche.jpg\" \/>\n\t<meta property=\"og:image:width\" content=\"126\" \/>\n\t<meta property=\"og:image:height\" content=\"488\" \/>\n\t<meta property=\"og:image:type\" content=\"image\/jpeg\" \/>\n<meta name=\"twitter:card\" content=\"summary_large_image\" \/>\n<meta name=\"twitter:label1\" content=\"Gesch\u00e4tzte Lesezeit\" \/>\n\t<meta name=\"twitter:data1\" content=\"1\u00a0Minute\" \/>\n<script type=\"application\/ld+json\" class=\"yoast-schema-graph\">{\"@context\":\"https:\\\/\\\/schema.org\",\"@graph\":[{\"@type\":\"WebPage\",\"@id\":\"https:\\\/\\\/dubuis-rudaz.ch\\\/produit\\\/dole-blanche-de-sion-2023-aoc-valais\\\/\",\"url\":\"https:\\\/\\\/dubuis-rudaz.ch\\\/produit\\\/dole-blanche-de-sion-2023-aoc-valais\\\/\",\"name\":\"D\u00f4le Blanche de Sion 2023 AOC Valais - Dubuis Rudaz - Sion\",\"isPartOf\":{\"@id\":\"https:\\\/\\\/dubuis-rudaz.ch\\\/#website\"},\"primaryImageOfPage\":{\"@id\":\"https:\\\/\\\/dubuis-rudaz.ch\\\/produit\\\/dole-blanche-de-sion-2023-aoc-valais\\\/#primaryimage\"},\"image\":{\"@id\":\"https:\\\/\\\/dubuis-rudaz.ch\\\/produit\\\/dole-blanche-de-sion-2023-aoc-valais\\\/#primaryimage\"},\"thumbnailUrl\":\"https:\\\/\\\/dubuis-rudaz.ch\\\/wp-content\\\/uploads\\\/2025\\\/06\\\/dole-blanche.jpg\",\"datePublished\":\"2025-06-23T13:54:28+00:00\",\"dateModified\":\"2025-10-01T10:15:38+00:00\",\"breadcrumb\":{\"@id\":\"https:\\\/\\\/dubuis-rudaz.ch\\\/produit\\\/dole-blanche-de-sion-2023-aoc-valais\\\/#breadcrumb\"},\"inLanguage\":\"de\",\"potentialAction\":[{\"@type\":\"ReadAction\",\"target\":[\"https:\\\/\\\/dubuis-rudaz.ch\\\/produit\\\/dole-blanche-de-sion-2023-aoc-valais\\\/\"]}]},{\"@type\":\"ImageObject\",\"inLanguage\":\"de\",\"@id\":\"https:\\\/\\\/dubuis-rudaz.ch\\\/produit\\\/dole-blanche-de-sion-2023-aoc-valais\\\/#primaryimage\",\"url\":\"https:\\\/\\\/dubuis-rudaz.ch\\\/wp-content\\\/uploads\\\/2025\\\/06\\\/dole-blanche.jpg\",\"contentUrl\":\"https:\\\/\\\/dubuis-rudaz.ch\\\/wp-content\\\/uploads\\\/2025\\\/06\\\/dole-blanche.jpg\",\"width\":126,\"height\":488},{\"@type\":\"BreadcrumbList\",\"@id\":\"https:\\\/\\\/dubuis-rudaz.ch\\\/produit\\\/dole-blanche-de-sion-2023-aoc-valais\\\/#breadcrumb\",\"itemListElement\":[{\"@type\":\"ListItem\",\"position\":1,\"name\":\"Accueil\",\"item\":\"https:\\\/\\\/dubuis-rudaz.ch\\\/\"},{\"@type\":\"ListItem\",\"position\":2,\"name\":\"shop\",\"item\":\"https:\\\/\\\/dubuis-rudaz.ch\\\/shop\\\/\"},{\"@type\":\"ListItem\",\"position\":3,\"name\":\"D\u00f4le Blanche de Sion 2023 AOC Valais\"}]},{\"@type\":\"WebSite\",\"@id\":\"https:\\\/\\\/dubuis-rudaz.ch\\\/#website\",\"url\":\"https:\\\/\\\/dubuis-rudaz.ch\\\/\",\"name\":\"Dubuis Rudaz - Sion\",\"description\":\"Vigneron encaveur valaisans depuis 1986\",\"publisher\":{\"@id\":\"https:\\\/\\\/dubuis-rudaz.ch\\\/#organization\"},\"potentialAction\":[{\"@type\":\"SearchAction\",\"target\":{\"@type\":\"EntryPoint\",\"urlTemplate\":\"https:\\\/\\\/dubuis-rudaz.ch\\\/?s={search_term_string}\"},\"query-input\":{\"@type\":\"PropertyValueSpecification\",\"valueRequired\":true,\"valueName\":\"search_term_string\"}}],\"inLanguage\":\"de\"},{\"@type\":\"Organization\",\"@id\":\"https:\\\/\\\/dubuis-rudaz.ch\\\/#organization\",\"name\":\"Dubuis Rudaz Vins - Sion\",\"url\":\"https:\\\/\\\/dubuis-rudaz.ch\\\/\",\"logo\":{\"@type\":\"ImageObject\",\"inLanguage\":\"de\",\"@id\":\"https:\\\/\\\/dubuis-rudaz.ch\\\/#\\\/schema\\\/logo\\\/image\\\/\",\"url\":\"https:\\\/\\\/dubuis-rudaz.ch\\\/wp-content\\\/uploads\\\/2021\\\/08\\\/favicon.png\",\"contentUrl\":\"https:\\\/\\\/dubuis-rudaz.ch\\\/wp-content\\\/uploads\\\/2021\\\/08\\\/favicon.png\",\"width\":501,\"height\":501,\"caption\":\"Dubuis Rudaz Vins - Sion\"},\"image\":{\"@id\":\"https:\\\/\\\/dubuis-rudaz.ch\\\/#\\\/schema\\\/logo\\\/image\\\/\"}}]}<\/script>\n<!-- \/ Yoast SEO plugin. -->","yoast_head_json":{"title":"D\u00f4le Blanche de Sion 2023 AOC Valais - Dubuis Rudaz - Sion","robots":{"index":"index","follow":"follow","max-snippet":"max-snippet:-1","max-image-preview":"max-image-preview:large","max-video-preview":"max-video-preview:-1"},"canonical":"https:\/\/dubuis-rudaz.ch\/de\/produkt\/dole-blanche-de-sion-2023-aoc-valais\/","og_locale":"de_DE","og_type":"article","og_title":"D\u00f4le Blanche de Sion 2023 AOC Valais - Dubuis Rudaz - Sion","og_description":"Pinot Noir et Gamay    &nbsp;","og_url":"https:\/\/dubuis-rudaz.ch\/de\/produkt\/dole-blanche-de-sion-2023-aoc-valais\/","og_site_name":"Dubuis Rudaz - Sion","article_modified_time":"2025-10-01T10:15:38+00:00","og_image":[{"width":126,"height":488,"url":"https:\/\/dubuis-rudaz.ch\/wp-content\/uploads\/2025\/06\/dole-blanche.jpg","type":"image\/jpeg"}],"twitter_card":"summary_large_image","twitter_misc":{"Gesch\u00e4tzte Lesezeit":"1\u00a0Minute"},"schema":{"@context":"https:\/\/schema.org","@graph":[{"@type":"WebPage","@id":"https:\/\/dubuis-rudaz.ch\/produit\/dole-blanche-de-sion-2023-aoc-valais\/","url":"https:\/\/dubuis-rudaz.ch\/produit\/dole-blanche-de-sion-2023-aoc-valais\/","name":"D\u00f4le Blanche de Sion 2023 AOC Valais - Dubuis Rudaz - Sion","isPartOf":{"@id":"https:\/\/dubuis-rudaz.ch\/#website"},"primaryImageOfPage":{"@id":"https:\/\/dubuis-rudaz.ch\/produit\/dole-blanche-de-sion-2023-aoc-valais\/#primaryimage"},"image":{"@id":"https:\/\/dubuis-rudaz.ch\/produit\/dole-blanche-de-sion-2023-aoc-valais\/#primaryimage"},"thumbnailUrl":"https:\/\/dubuis-rudaz.ch\/wp-content\/uploads\/2025\/06\/dole-blanche.jpg","datePublished":"2025-06-23T13:54:28+00:00","dateModified":"2025-10-01T10:15:38+00:00","breadcrumb":{"@id":"https:\/\/dubuis-rudaz.ch\/produit\/dole-blanche-de-sion-2023-aoc-valais\/#breadcrumb"},"inLanguage":"de","potentialAction":[{"@type":"ReadAction","target":["https:\/\/dubuis-rudaz.ch\/produit\/dole-blanche-de-sion-2023-aoc-valais\/"]}]},{"@type":"ImageObject","inLanguage":"de","@id":"https:\/\/dubuis-rudaz.ch\/produit\/dole-blanche-de-sion-2023-aoc-valais\/#primaryimage","url":"https:\/\/dubuis-rudaz.ch\/wp-content\/uploads\/2025\/06\/dole-blanche.jpg","contentUrl":"https:\/\/dubuis-rudaz.ch\/wp-content\/uploads\/2025\/06\/dole-blanche.jpg","width":126,"height":488},{"@type":"BreadcrumbList","@id":"https:\/\/dubuis-rudaz.ch\/produit\/dole-blanche-de-sion-2023-aoc-valais\/#breadcrumb","itemListElement":[{"@type":"ListItem","position":1,"name":"Accueil","item":"https:\/\/dubuis-rudaz.ch\/"},{"@type":"ListItem","position":2,"name":"shop","item":"https:\/\/dubuis-rudaz.ch\/shop\/"},{"@type":"ListItem","position":3,"name":"D\u00f4le Blanche de Sion 2023 AOC Valais"}]},{"@type":"WebSite","@id":"https:\/\/dubuis-rudaz.ch\/#website","url":"https:\/\/dubuis-rudaz.ch\/","name":"Dubuis Rudaz \u2013 Sion","description":"Walliser Winzer seit 1986","publisher":{"@id":"https:\/\/dubuis-rudaz.ch\/#organization"},"potentialAction":[{"@type":"SearchAction","target":{"@type":"EntryPoint","urlTemplate":"https:\/\/dubuis-rudaz.ch\/?s={search_term_string}"},"query-input":{"@type":"PropertyValueSpecification","valueRequired":true,"valueName":"search_term_string"}}],"inLanguage":"de"},{"@type":"Organization","@id":"https:\/\/dubuis-rudaz.ch\/#organization","name":"Dubuis Rudaz Weine - Sion","url":"https:\/\/dubuis-rudaz.ch\/","logo":{"@type":"ImageObject","inLanguage":"de","@id":"https:\/\/dubuis-rudaz.ch\/#\/schema\/logo\/image\/","url":"https:\/\/dubuis-rudaz.ch\/wp-content\/uploads\/2021\/08\/favicon.png","contentUrl":"https:\/\/dubuis-rudaz.ch\/wp-content\/uploads\/2021\/08\/favicon.png","width":501,"height":501,"caption":"Dubuis Rudaz Vins - Sion"},"image":{"@id":"https:\/\/dubuis-rudaz.ch\/#\/schema\/logo\/image\/"}}]}},"_links":{"self":[{"href":"https:\/\/dubuis-rudaz.ch\/de\/wp-json\/wp\/v2\/product\/4514","targetHints":{"allow":["GET"]}}],"collection":[{"href":"https:\/\/dubuis-rudaz.ch\/de\/wp-json\/wp\/v2\/product"}],"about":[{"href":"https:\/\/dubuis-rudaz.ch\/de\/wp-json\/wp\/v2\/types\/product"}],"wp:featuredmedia":[{"embeddable":true,"href":"https:\/\/dubuis-rudaz.ch\/de\/wp-json\/wp\/v2\/media\/4192"}],"wp:attachment":[{"href":"https:\/\/dubuis-rudaz.ch\/de\/wp-json\/wp\/v2\/media?parent=4514"}],"wp:term":[{"taxonomy":"product_brand","embeddable":true,"href":"https:\/\/dubuis-rudaz.ch\/de\/wp-json\/wp\/v2\/product_brand?post=4514"},{"taxonomy":"product_cat","embeddable":true,"href":"https:\/\/dubuis-rudaz.ch\/de\/wp-json\/wp\/v2\/product_cat?post=4514"},{"taxonomy":"product_tag","embeddable":true,"href":"https:\/\/dubuis-rudaz.ch\/de\/wp-json\/wp\/v2\/product_tag?post=4514"}],"curies":[{"name":"wp","href":"https:\/\/api.w.org\/{rel}","templated":true}]}}