{"id":4318,"date":"2025-06-22T12:49:25","date_gmt":"2025-06-22T10:49:25","guid":{"rendered":"https:\/\/dubuis-rudaz.ch\/?post_type=product&#038;p=4318"},"modified":"2025-06-24T11:47:17","modified_gmt":"2025-06-24T09:47:17","slug":"cuvee-les-chateaux-2023-assemblage-rouges-tourbillon-aoc-valais","status":"publish","type":"product","link":"https:\/\/dubuis-rudaz.ch\/de\/produkt\/cuvee-les-chateaux-2023-assemblage-rouges-tourbillon-aoc-valais\/","title":{"rendered":"Cuv\u00e9e Les Ch\u00e2teaux 2023 * Red Blend Tourbillon AOC Wallis"},"content":{"rendered":"<h2><strong>Verkostung<\/strong><\/h2>\n<ul>\n<li><strong>KLEID\u00a0<\/strong>: Kardinalrot mit blauen Nuancen<\/li>\n<li><strong>NASE\u00a0<\/strong>: Pflanzliches Aroma, anhaltende Frucht, die an den Geruch von Rhabarber und Waldbeeren erinnern kann<\/li>\n<li><strong>PALAST\u00a0<\/strong>: Lebhaft, harmonisch, gute L\u00e4nge im Mund, sehr geschmeidige Tannine<\/li>\n<li><strong>GOURMET-PAARUNGEN: <\/strong>Passt wunderbar zu Walliser Trockenfleisch, Kalbfleisch sowie zu hellem Gefl\u00fcgel und Wild.<\/li>\n<li><span style=\"font-family: HelveticaNeueW01-65Medi, HelveticaNeueW02-65Medi, HelveticaNeueW10-65Medi, sans-serif;\"><b>DATEN: <\/b><\/span>13,2 % Vol. Alkohol. Enth\u00e4lt Sulfite.<\/li>\n<\/ul>","protected":false},"excerpt":{"rendered":"<h5>Cuv\u00e9e aus roten AOC-Walliser Rebsorten<\/h5>\n<ul>\n<li><strong>Rebsorten\u00a0<\/strong>: Syrah, Pinot Noir, Merlot, Diolinoir.<\/li>\n<li><strong>PROVENIENZEN\u00a0<\/strong>: Entstanden aus der Kreuzung der oben genannten Rebsorten, ausgew\u00e4hlt in den verschiedenen Gemeinden des Mittelwallis<\/li>\n<li><strong>SITUATION\u00a0<\/strong>: Rebst\u00f6cke am rechten Rh\u00f4ne-Ufer, ausschlie\u00dflich aus den ersten Zonen, maximale H\u00f6he 560 m.<\/li>\n<\/ul>\n<hr \/>\n<p>&nbsp;<\/p>","protected":false},"featured_media":4321,"template":"","meta":{"_et_pb_use_builder":"","_et_pb_old_content":"","_et_gb_content_width":""},"product_brand":[],"product_cat":[48,81,55,50,52,54,80],"product_tag":[],"class_list":{"0":"post-4318","1":"product","2":"type-product","3":"status-publish","4":"has-post-thumbnail","6":"product_cat-assemblage","7":"product_cat-cuvee-les-chateaux","8":"product_cat-diolinoir","9":"product_cat-merlot","10":"product_cat-pinot-noir","11":"product_cat-syrah","12":"product_cat-vin","14":"first","15":"instock","16":"taxable","17":"shipping-taxable","18":"purchasable","19":"product-type-variable","20":"has-default-attributes"},"yoast_head":"<!-- This site is optimized with the Yoast SEO plugin v27.4 - https:\/\/yoast.com\/product\/yoast-seo-wordpress\/ -->\n<title>Cuv\u00e9e Les Ch\u00e2teaux 2023 * Assemblage Rouges Tourbillon AOC Valais - Dubuis Rudaz - Sion<\/title>\n<meta name=\"robots\" content=\"index, follow, max-snippet:-1, max-image-preview:large, max-video-preview:-1\" \/>\n<link rel=\"canonical\" href=\"https:\/\/dubuis-rudaz.ch\/de\/produkt\/cuvee-les-chateaux-2023-assemblage-rouges-tourbillon-aoc-valais\/\" \/>\n<meta property=\"og:locale\" content=\"de_DE\" \/>\n<meta property=\"og:type\" content=\"article\" \/>\n<meta property=\"og:title\" content=\"Cuv\u00e9e Les Ch\u00e2teaux 2023 * Assemblage Rouges Tourbillon AOC Valais - Dubuis Rudaz - Sion\" \/>\n<meta property=\"og:description\" content=\"Assemblage de c\u00e9pages Rouges AOC Valais   CEPAGES\u00a0: Syrah, Pinot Noir, Merlot, Diolinoir.  PROVENANCES\u00a0: Issu du mariage des c\u00e9pages ci-dessus, s\u00e9lectionn\u00e9s dans les diverses communes du Valais central  SITUATION\u00a0: Vignes situ\u00e9es sur la rive droite du Rh\u00f4ne, exclusivement des premi\u00e8res zones, altitude maximale 560 m.     &nbsp;\" \/>\n<meta property=\"og:url\" content=\"https:\/\/dubuis-rudaz.ch\/de\/produkt\/cuvee-les-chateaux-2023-assemblage-rouges-tourbillon-aoc-valais\/\" \/>\n<meta property=\"og:site_name\" content=\"Dubuis Rudaz - Sion\" \/>\n<meta property=\"article:modified_time\" content=\"2025-06-24T09:47:17+00:00\" \/>\n<meta property=\"og:image\" content=\"https:\/\/dubuis-rudaz.ch\/wp-content\/uploads\/2025\/06\/tourbillon-up.jpg\" \/>\n\t<meta property=\"og:image:width\" content=\"126\" \/>\n\t<meta property=\"og:image:height\" content=\"488\" \/>\n\t<meta property=\"og:image:type\" content=\"image\/jpeg\" \/>\n<meta name=\"twitter:card\" content=\"summary_large_image\" \/>\n<meta name=\"twitter:label1\" content=\"Gesch\u00e4tzte Lesezeit\" \/>\n\t<meta name=\"twitter:data1\" content=\"1\u00a0Minute\" \/>\n<script type=\"application\/ld+json\" class=\"yoast-schema-graph\">{\"@context\":\"https:\\\/\\\/schema.org\",\"@graph\":[{\"@type\":\"WebPage\",\"@id\":\"https:\\\/\\\/dubuis-rudaz.ch\\\/produit\\\/cuvee-les-chateaux-2023-assemblage-rouges-tourbillon-aoc-valais\\\/\",\"url\":\"https:\\\/\\\/dubuis-rudaz.ch\\\/produit\\\/cuvee-les-chateaux-2023-assemblage-rouges-tourbillon-aoc-valais\\\/\",\"name\":\"Cuv\u00e9e Les Ch\u00e2teaux 2023 * Assemblage Rouges Tourbillon AOC Valais - Dubuis Rudaz - Sion\",\"isPartOf\":{\"@id\":\"https:\\\/\\\/dubuis-rudaz.ch\\\/#website\"},\"primaryImageOfPage\":{\"@id\":\"https:\\\/\\\/dubuis-rudaz.ch\\\/produit\\\/cuvee-les-chateaux-2023-assemblage-rouges-tourbillon-aoc-valais\\\/#primaryimage\"},\"image\":{\"@id\":\"https:\\\/\\\/dubuis-rudaz.ch\\\/produit\\\/cuvee-les-chateaux-2023-assemblage-rouges-tourbillon-aoc-valais\\\/#primaryimage\"},\"thumbnailUrl\":\"https:\\\/\\\/dubuis-rudaz.ch\\\/wp-content\\\/uploads\\\/2025\\\/06\\\/tourbillon-up.jpg\",\"datePublished\":\"2025-06-22T10:49:25+00:00\",\"dateModified\":\"2025-06-24T09:47:17+00:00\",\"breadcrumb\":{\"@id\":\"https:\\\/\\\/dubuis-rudaz.ch\\\/produit\\\/cuvee-les-chateaux-2023-assemblage-rouges-tourbillon-aoc-valais\\\/#breadcrumb\"},\"inLanguage\":\"de\",\"potentialAction\":[{\"@type\":\"ReadAction\",\"target\":[\"https:\\\/\\\/dubuis-rudaz.ch\\\/produit\\\/cuvee-les-chateaux-2023-assemblage-rouges-tourbillon-aoc-valais\\\/\"]}]},{\"@type\":\"ImageObject\",\"inLanguage\":\"de\",\"@id\":\"https:\\\/\\\/dubuis-rudaz.ch\\\/produit\\\/cuvee-les-chateaux-2023-assemblage-rouges-tourbillon-aoc-valais\\\/#primaryimage\",\"url\":\"https:\\\/\\\/dubuis-rudaz.ch\\\/wp-content\\\/uploads\\\/2025\\\/06\\\/tourbillon-up.jpg\",\"contentUrl\":\"https:\\\/\\\/dubuis-rudaz.ch\\\/wp-content\\\/uploads\\\/2025\\\/06\\\/tourbillon-up.jpg\",\"width\":126,\"height\":488},{\"@type\":\"BreadcrumbList\",\"@id\":\"https:\\\/\\\/dubuis-rudaz.ch\\\/produit\\\/cuvee-les-chateaux-2023-assemblage-rouges-tourbillon-aoc-valais\\\/#breadcrumb\",\"itemListElement\":[{\"@type\":\"ListItem\",\"position\":1,\"name\":\"Accueil\",\"item\":\"https:\\\/\\\/dubuis-rudaz.ch\\\/\"},{\"@type\":\"ListItem\",\"position\":2,\"name\":\"shop\",\"item\":\"https:\\\/\\\/dubuis-rudaz.ch\\\/shop\\\/\"},{\"@type\":\"ListItem\",\"position\":3,\"name\":\"Cuv\u00e9e Les Ch\u00e2teaux 2023 * Assemblage Rouges Tourbillon AOC Valais\"}]},{\"@type\":\"WebSite\",\"@id\":\"https:\\\/\\\/dubuis-rudaz.ch\\\/#website\",\"url\":\"https:\\\/\\\/dubuis-rudaz.ch\\\/\",\"name\":\"Dubuis Rudaz - Sion\",\"description\":\"Vigneron encaveur valaisans depuis 1986\",\"publisher\":{\"@id\":\"https:\\\/\\\/dubuis-rudaz.ch\\\/#organization\"},\"potentialAction\":[{\"@type\":\"SearchAction\",\"target\":{\"@type\":\"EntryPoint\",\"urlTemplate\":\"https:\\\/\\\/dubuis-rudaz.ch\\\/?s={search_term_string}\"},\"query-input\":{\"@type\":\"PropertyValueSpecification\",\"valueRequired\":true,\"valueName\":\"search_term_string\"}}],\"inLanguage\":\"de\"},{\"@type\":\"Organization\",\"@id\":\"https:\\\/\\\/dubuis-rudaz.ch\\\/#organization\",\"name\":\"Dubuis Rudaz Vins - Sion\",\"url\":\"https:\\\/\\\/dubuis-rudaz.ch\\\/\",\"logo\":{\"@type\":\"ImageObject\",\"inLanguage\":\"de\",\"@id\":\"https:\\\/\\\/dubuis-rudaz.ch\\\/#\\\/schema\\\/logo\\\/image\\\/\",\"url\":\"https:\\\/\\\/dubuis-rudaz.ch\\\/wp-content\\\/uploads\\\/2021\\\/08\\\/favicon.png\",\"contentUrl\":\"https:\\\/\\\/dubuis-rudaz.ch\\\/wp-content\\\/uploads\\\/2021\\\/08\\\/favicon.png\",\"width\":501,\"height\":501,\"caption\":\"Dubuis Rudaz Vins - Sion\"},\"image\":{\"@id\":\"https:\\\/\\\/dubuis-rudaz.ch\\\/#\\\/schema\\\/logo\\\/image\\\/\"}}]}<\/script>\n<!-- \/ Yoast SEO plugin. -->","yoast_head_json":{"title":"Cuv\u00e9e Les Ch\u00e2teaux 2023 * Red Blend Tourbillon AOC Wallis - Dubuis Rudaz - Sion","robots":{"index":"index","follow":"follow","max-snippet":"max-snippet:-1","max-image-preview":"max-image-preview:large","max-video-preview":"max-video-preview:-1"},"canonical":"https:\/\/dubuis-rudaz.ch\/de\/produkt\/cuvee-les-chateaux-2023-assemblage-rouges-tourbillon-aoc-valais\/","og_locale":"de_DE","og_type":"article","og_title":"Cuv\u00e9e Les Ch\u00e2teaux 2023 * Assemblage Rouges Tourbillon AOC Valais - Dubuis Rudaz - Sion","og_description":"Assemblage de c\u00e9pages Rouges AOC Valais   CEPAGES\u00a0: Syrah, Pinot Noir, Merlot, Diolinoir.  PROVENANCES\u00a0: Issu du mariage des c\u00e9pages ci-dessus, s\u00e9lectionn\u00e9s dans les diverses communes du Valais central  SITUATION\u00a0: Vignes situ\u00e9es sur la rive droite du Rh\u00f4ne, exclusivement des premi\u00e8res zones, altitude maximale 560 m.     &nbsp;","og_url":"https:\/\/dubuis-rudaz.ch\/de\/produkt\/cuvee-les-chateaux-2023-assemblage-rouges-tourbillon-aoc-valais\/","og_site_name":"Dubuis Rudaz - Sion","article_modified_time":"2025-06-24T09:47:17+00:00","og_image":[{"width":126,"height":488,"url":"https:\/\/dubuis-rudaz.ch\/wp-content\/uploads\/2025\/06\/tourbillon-up.jpg","type":"image\/jpeg"}],"twitter_card":"summary_large_image","twitter_misc":{"Gesch\u00e4tzte Lesezeit":"1\u00a0Minute"},"schema":{"@context":"https:\/\/schema.org","@graph":[{"@type":"WebPage","@id":"https:\/\/dubuis-rudaz.ch\/produit\/cuvee-les-chateaux-2023-assemblage-rouges-tourbillon-aoc-valais\/","url":"https:\/\/dubuis-rudaz.ch\/produit\/cuvee-les-chateaux-2023-assemblage-rouges-tourbillon-aoc-valais\/","name":"Cuv\u00e9e Les Ch\u00e2teaux 2023 * Red Blend Tourbillon AOC Wallis - Dubuis Rudaz - Sion","isPartOf":{"@id":"https:\/\/dubuis-rudaz.ch\/#website"},"primaryImageOfPage":{"@id":"https:\/\/dubuis-rudaz.ch\/produit\/cuvee-les-chateaux-2023-assemblage-rouges-tourbillon-aoc-valais\/#primaryimage"},"image":{"@id":"https:\/\/dubuis-rudaz.ch\/produit\/cuvee-les-chateaux-2023-assemblage-rouges-tourbillon-aoc-valais\/#primaryimage"},"thumbnailUrl":"https:\/\/dubuis-rudaz.ch\/wp-content\/uploads\/2025\/06\/tourbillon-up.jpg","datePublished":"2025-06-22T10:49:25+00:00","dateModified":"2025-06-24T09:47:17+00:00","breadcrumb":{"@id":"https:\/\/dubuis-rudaz.ch\/produit\/cuvee-les-chateaux-2023-assemblage-rouges-tourbillon-aoc-valais\/#breadcrumb"},"inLanguage":"de","potentialAction":[{"@type":"ReadAction","target":["https:\/\/dubuis-rudaz.ch\/produit\/cuvee-les-chateaux-2023-assemblage-rouges-tourbillon-aoc-valais\/"]}]},{"@type":"ImageObject","inLanguage":"de","@id":"https:\/\/dubuis-rudaz.ch\/produit\/cuvee-les-chateaux-2023-assemblage-rouges-tourbillon-aoc-valais\/#primaryimage","url":"https:\/\/dubuis-rudaz.ch\/wp-content\/uploads\/2025\/06\/tourbillon-up.jpg","contentUrl":"https:\/\/dubuis-rudaz.ch\/wp-content\/uploads\/2025\/06\/tourbillon-up.jpg","width":126,"height":488},{"@type":"BreadcrumbList","@id":"https:\/\/dubuis-rudaz.ch\/produit\/cuvee-les-chateaux-2023-assemblage-rouges-tourbillon-aoc-valais\/#breadcrumb","itemListElement":[{"@type":"ListItem","position":1,"name":"Accueil","item":"https:\/\/dubuis-rudaz.ch\/"},{"@type":"ListItem","position":2,"name":"shop","item":"https:\/\/dubuis-rudaz.ch\/shop\/"},{"@type":"ListItem","position":3,"name":"Cuv\u00e9e Les Ch\u00e2teaux 2023 * Assemblage Rouges Tourbillon AOC Valais"}]},{"@type":"WebSite","@id":"https:\/\/dubuis-rudaz.ch\/#website","url":"https:\/\/dubuis-rudaz.ch\/","name":"Dubuis Rudaz \u2013 Sion","description":"Walliser Winzer seit 1986","publisher":{"@id":"https:\/\/dubuis-rudaz.ch\/#organization"},"potentialAction":[{"@type":"SearchAction","target":{"@type":"EntryPoint","urlTemplate":"https:\/\/dubuis-rudaz.ch\/?s={search_term_string}"},"query-input":{"@type":"PropertyValueSpecification","valueRequired":true,"valueName":"search_term_string"}}],"inLanguage":"de"},{"@type":"Organization","@id":"https:\/\/dubuis-rudaz.ch\/#organization","name":"Dubuis Rudaz Weine - Sion","url":"https:\/\/dubuis-rudaz.ch\/","logo":{"@type":"ImageObject","inLanguage":"de","@id":"https:\/\/dubuis-rudaz.ch\/#\/schema\/logo\/image\/","url":"https:\/\/dubuis-rudaz.ch\/wp-content\/uploads\/2021\/08\/favicon.png","contentUrl":"https:\/\/dubuis-rudaz.ch\/wp-content\/uploads\/2021\/08\/favicon.png","width":501,"height":501,"caption":"Dubuis Rudaz Vins - Sion"},"image":{"@id":"https:\/\/dubuis-rudaz.ch\/#\/schema\/logo\/image\/"}}]}},"_links":{"self":[{"href":"https:\/\/dubuis-rudaz.ch\/de\/wp-json\/wp\/v2\/product\/4318","targetHints":{"allow":["GET"]}}],"collection":[{"href":"https:\/\/dubuis-rudaz.ch\/de\/wp-json\/wp\/v2\/product"}],"about":[{"href":"https:\/\/dubuis-rudaz.ch\/de\/wp-json\/wp\/v2\/types\/product"}],"wp:featuredmedia":[{"embeddable":true,"href":"https:\/\/dubuis-rudaz.ch\/de\/wp-json\/wp\/v2\/media\/4321"}],"wp:attachment":[{"href":"https:\/\/dubuis-rudaz.ch\/de\/wp-json\/wp\/v2\/media?parent=4318"}],"wp:term":[{"taxonomy":"product_brand","embeddable":true,"href":"https:\/\/dubuis-rudaz.ch\/de\/wp-json\/wp\/v2\/product_brand?post=4318"},{"taxonomy":"product_cat","embeddable":true,"href":"https:\/\/dubuis-rudaz.ch\/de\/wp-json\/wp\/v2\/product_cat?post=4318"},{"taxonomy":"product_tag","embeddable":true,"href":"https:\/\/dubuis-rudaz.ch\/de\/wp-json\/wp\/v2\/product_tag?post=4318"}],"curies":[{"name":"wp","href":"https:\/\/api.w.org\/{rel}","templated":true}]}}