{"id":4909,"date":"2026-02-02T13:57:30","date_gmt":"2026-02-02T12:57:30","guid":{"rendered":"https:\/\/dubuis-rudaz.ch\/?page_id=4909"},"modified":"2026-02-02T14:12:12","modified_gmt":"2026-02-02T13:12:12","slug":"notre-partenaire-vinotheque","status":"publish","type":"page","link":"https:\/\/dubuis-rudaz.ch\/de\/notre-partenaire-vinotheque\/","title":{"rendered":"Unser Weinh\u00e4ndlerpartner"},"content":{"rendered":"<p>[et_pb_section fb_built=\u00a0\u00bb1&Prime; _builder_version=\u00a0\u00bb4.27.5&Prime; _module_preset=\u00a0\u00bbdefault\u00a0\u00bb background_color=\u00a0\u00bb#000000&Prime; background_enable_image=\u00a0\u00bboff\u00a0\u00bb parallax=\u00a0\u00bbon\u00a0\u00bb parallax_method=\u00a0\u00bboff\u00a0\u00bb min_height=\u00a0\u00bb100vh\u00a0\u00bb custom_padding=\u00a0\u00bb||100px|||\u00a0\u00bb da_disable_devices=\u00a0\u00bboff|off|off\u00a0\u00bb global_colors_info=\u00a0\u00bb{}\u00a0\u00bb da_is_popup=\u00a0\u00bboff\u00a0\u00bb da_exit_intent=\u00a0\u00bboff\u00a0\u00bb da_has_close=\u00a0\u00bbon\u00a0\u00bb da_alt_close=\u00a0\u00bboff\u00a0\u00bb da_dark_close=\u00a0\u00bboff\u00a0\u00bb da_not_modal=\u00a0\u00bbon\u00a0\u00bb da_is_singular=\u00a0\u00bboff\u00a0\u00bb da_with_loader=\u00a0\u00bboff\u00a0\u00bb da_has_shadow=\u00a0\u00bbon\u00a0\u00bb][et_pb_row _builder_version=\u00a0\u00bb4.16&Prime; _module_preset=\u00a0\u00bbdefault\u00a0\u00bb global_colors_info=\u00a0\u00bb{}\u00a0\u00bb][et_pb_column type=\u00a0\u00bb4_4&Prime; _builder_version=\u00a0\u00bb4.16&Prime; _module_preset=\u00a0\u00bbdefault\u00a0\u00bb global_colors_info=\u00a0\u00bb{}\u00a0\u00bb][et_pb_text _builder_version=\u00a0\u00bb4.27.5&Prime; _module_preset=\u00a0\u00bbdefault\u00a0\u00bb text_text_color=\u00a0\u00bb#000000&Prime; header_text_color=\u00a0\u00bb#000000&Prime; header_2_text_align=\u00a0\u00bbright\u00a0\u00bb header_2_text_color=\u00a0\u00bb#FFFFFF\u00a0\u00bb header_2_font_size=\u00a0\u00bb70px\u00a0\u00bb background_enable_image=\u00a0\u00bboff\u00a0\u00bb header_2_font_size_tablet=\u00a0\u00bb\u00a0\u00bb header_2_font_size_phone=\u00a0\u00bb50px\u00a0\u00bb header_2_font_size_last_edited=\u00a0\u00bbon|phone\u00a0\u00bb global_colors_info=\u00a0\u00bb{}\u00a0\u00bb]<\/p>\n<h2>Notre partenaire Vinoth\u00e8que Clandestino<\/h2>\n<p>[\/et_pb_text][\/et_pb_column][\/et_pb_row][et_pb_row _builder_version=\u00a0\u00bb4.27.5&Prime; _module_preset=\u00a0\u00bbdefault\u00a0\u00bb global_colors_info=\u00a0\u00bb{}\u00a0\u00bb][et_pb_column type=\u00a0\u00bb4_4&Prime; _builder_version=\u00a0\u00bb4.27.5&Prime; _module_preset=\u00a0\u00bbdefault\u00a0\u00bb global_colors_info=\u00a0\u00bb{}\u00a0\u00bb][et_pb_image src=\u00a0\u00bbhttps:\/\/dubuis-rudaz.ch\/wp-content\/uploads\/2025\/10\/Horaires-Clandestino.jpg\u00a0\u00bb title_text=\u00a0\u00bbHoraires-Clandestino\u00a0\u00bb align=\u00a0\u00bbcenter\u00a0\u00bb _builder_version=\u00a0\u00bb4.27.5&Prime; _module_preset=\u00a0\u00bbdefault\u00a0\u00bb global_colors_info=\u00a0\u00bb{}\u00a0\u00bb][\/et_pb_image][\/et_pb_column][\/et_pb_row][\/et_pb_section]<\/p>\n","protected":false},"excerpt":{"rendered":"<p>Unser Partner Vinoth\u00e8que Clandestino<\/p>","protected":false},"author":1,"featured_media":0,"parent":0,"menu_order":85,"comment_status":"closed","ping_status":"closed","template":"","meta":{"_et_pb_use_builder":"on","_et_pb_old_content":"<!-- wp:divi\/placeholder \/-->","_et_gb_content_width":"","footnotes":""},"class_list":["post-4909","page","type-page","status-publish","hentry"],"yoast_head":"<!-- This site is optimized with the Yoast SEO plugin v27.3 - https:\/\/yoast.com\/product\/yoast-seo-wordpress\/ -->\n<title>Pr\u00e9sentation de notre \u00e9quipe | Dubuis Rudaz Sion<\/title>\n<meta name=\"description\" content=\"D\u00e9couvrez les collaborateurs de notre cave et de notre domaine. Mettez un visage sur chacun de vos correspondants.\" \/>\n<meta name=\"robots\" content=\"index, follow, max-snippet:-1, max-image-preview:large, max-video-preview:-1\" \/>\n<link rel=\"canonical\" href=\"https:\/\/dubuis-rudaz.ch\/de\/notre-partenaire-vinotheque\/\" \/>\n<meta property=\"og:locale\" content=\"de_DE\" \/>\n<meta property=\"og:type\" content=\"article\" \/>\n<meta property=\"og:title\" content=\"Pr\u00e9sentation de notre \u00e9quipe | Dubuis Rudaz Sion\" \/>\n<meta property=\"og:description\" content=\"D\u00e9couvrez les collaborateurs de notre cave et de notre domaine. Mettez un visage sur chacun de vos correspondants.\" \/>\n<meta property=\"og:url\" content=\"https:\/\/dubuis-rudaz.ch\/de\/notre-partenaire-vinotheque\/\" \/>\n<meta property=\"og:site_name\" content=\"Dubuis Rudaz - Sion\" \/>\n<meta property=\"article:modified_time\" content=\"2026-02-02T13:12:12+00:00\" \/>\n<meta name=\"twitter:card\" content=\"summary_large_image\" \/>\n<meta name=\"twitter:label1\" content=\"Gesch\u00e4tzte Lesezeit\" \/>\n\t<meta name=\"twitter:data1\" content=\"3\u00a0Minuten\" \/>\n<script type=\"application\/ld+json\" class=\"yoast-schema-graph\">{\"@context\":\"https:\\\/\\\/schema.org\",\"@graph\":[{\"@type\":\"WebPage\",\"@id\":\"https:\\\/\\\/dubuis-rudaz.ch\\\/notre-partenaire-vinotheque\\\/\",\"url\":\"https:\\\/\\\/dubuis-rudaz.ch\\\/notre-partenaire-vinotheque\\\/\",\"name\":\"Pr\u00e9sentation de notre \u00e9quipe | Dubuis Rudaz Sion\",\"isPartOf\":{\"@id\":\"https:\\\/\\\/dubuis-rudaz.ch\\\/#website\"},\"datePublished\":\"2026-02-02T12:57:30+00:00\",\"dateModified\":\"2026-02-02T13:12:12+00:00\",\"description\":\"D\u00e9couvrez les collaborateurs de notre cave et de notre domaine. Mettez un visage sur chacun de vos correspondants.\",\"breadcrumb\":{\"@id\":\"https:\\\/\\\/dubuis-rudaz.ch\\\/notre-partenaire-vinotheque\\\/#breadcrumb\"},\"inLanguage\":\"de\",\"potentialAction\":[{\"@type\":\"ReadAction\",\"target\":[\"https:\\\/\\\/dubuis-rudaz.ch\\\/notre-partenaire-vinotheque\\\/\"]}]},{\"@type\":\"BreadcrumbList\",\"@id\":\"https:\\\/\\\/dubuis-rudaz.ch\\\/notre-partenaire-vinotheque\\\/#breadcrumb\",\"itemListElement\":[{\"@type\":\"ListItem\",\"position\":1,\"name\":\"Accueil\",\"item\":\"https:\\\/\\\/dubuis-rudaz.ch\\\/\"},{\"@type\":\"ListItem\",\"position\":2,\"name\":\"Notre partenaire vinotheque\"}]},{\"@type\":\"WebSite\",\"@id\":\"https:\\\/\\\/dubuis-rudaz.ch\\\/#website\",\"url\":\"https:\\\/\\\/dubuis-rudaz.ch\\\/\",\"name\":\"Dubuis Rudaz - Sion\",\"description\":\"Vigneron encaveur valaisans depuis 1986\",\"publisher\":{\"@id\":\"https:\\\/\\\/dubuis-rudaz.ch\\\/#organization\"},\"potentialAction\":[{\"@type\":\"SearchAction\",\"target\":{\"@type\":\"EntryPoint\",\"urlTemplate\":\"https:\\\/\\\/dubuis-rudaz.ch\\\/?s={search_term_string}\"},\"query-input\":{\"@type\":\"PropertyValueSpecification\",\"valueRequired\":true,\"valueName\":\"search_term_string\"}}],\"inLanguage\":\"de\"},{\"@type\":\"Organization\",\"@id\":\"https:\\\/\\\/dubuis-rudaz.ch\\\/#organization\",\"name\":\"Dubuis Rudaz Vins - Sion\",\"url\":\"https:\\\/\\\/dubuis-rudaz.ch\\\/\",\"logo\":{\"@type\":\"ImageObject\",\"inLanguage\":\"de\",\"@id\":\"https:\\\/\\\/dubuis-rudaz.ch\\\/#\\\/schema\\\/logo\\\/image\\\/\",\"url\":\"https:\\\/\\\/dubuis-rudaz.ch\\\/wp-content\\\/uploads\\\/2021\\\/08\\\/favicon.png\",\"contentUrl\":\"https:\\\/\\\/dubuis-rudaz.ch\\\/wp-content\\\/uploads\\\/2021\\\/08\\\/favicon.png\",\"width\":501,\"height\":501,\"caption\":\"Dubuis Rudaz Vins - Sion\"},\"image\":{\"@id\":\"https:\\\/\\\/dubuis-rudaz.ch\\\/#\\\/schema\\\/logo\\\/image\\\/\"}}]}<\/script>\n<!-- \/ Yoast SEO plugin. -->","yoast_head_json":{"title":"Unser Team stellt sich vor | Dubuis Rudaz Sion","description":"Lernen Sie die Menschen kennen, die in unserem Weingut und auf unserem Landgut arbeiten. Lernen Sie jeden Ihrer Kontakte kennen.","robots":{"index":"index","follow":"follow","max-snippet":"max-snippet:-1","max-image-preview":"max-image-preview:large","max-video-preview":"max-video-preview:-1"},"canonical":"https:\/\/dubuis-rudaz.ch\/de\/notre-partenaire-vinotheque\/","og_locale":"de_DE","og_type":"article","og_title":"Pr\u00e9sentation de notre \u00e9quipe | Dubuis Rudaz Sion","og_description":"D\u00e9couvrez les collaborateurs de notre cave et de notre domaine. Mettez un visage sur chacun de vos correspondants.","og_url":"https:\/\/dubuis-rudaz.ch\/de\/notre-partenaire-vinotheque\/","og_site_name":"Dubuis Rudaz - Sion","article_modified_time":"2026-02-02T13:12:12+00:00","twitter_card":"summary_large_image","twitter_misc":{"Gesch\u00e4tzte Lesezeit":"3\u00a0Minuten"},"schema":{"@context":"https:\/\/schema.org","@graph":[{"@type":"WebPage","@id":"https:\/\/dubuis-rudaz.ch\/notre-partenaire-vinotheque\/","url":"https:\/\/dubuis-rudaz.ch\/notre-partenaire-vinotheque\/","name":"Unser Team stellt sich vor | Dubuis Rudaz Sion","isPartOf":{"@id":"https:\/\/dubuis-rudaz.ch\/#website"},"datePublished":"2026-02-02T12:57:30+00:00","dateModified":"2026-02-02T13:12:12+00:00","description":"Lernen Sie die Menschen kennen, die in unserem Weingut und auf unserem Landgut arbeiten. Lernen Sie jeden Ihrer Kontakte kennen.","breadcrumb":{"@id":"https:\/\/dubuis-rudaz.ch\/notre-partenaire-vinotheque\/#breadcrumb"},"inLanguage":"de","potentialAction":[{"@type":"ReadAction","target":["https:\/\/dubuis-rudaz.ch\/notre-partenaire-vinotheque\/"]}]},{"@type":"BreadcrumbList","@id":"https:\/\/dubuis-rudaz.ch\/notre-partenaire-vinotheque\/#breadcrumb","itemListElement":[{"@type":"ListItem","position":1,"name":"Accueil","item":"https:\/\/dubuis-rudaz.ch\/"},{"@type":"ListItem","position":2,"name":"Notre partenaire vinotheque"}]},{"@type":"WebSite","@id":"https:\/\/dubuis-rudaz.ch\/#website","url":"https:\/\/dubuis-rudaz.ch\/","name":"Dubuis Rudaz \u2013 Sion","description":"Walliser Winzer seit 1986","publisher":{"@id":"https:\/\/dubuis-rudaz.ch\/#organization"},"potentialAction":[{"@type":"SearchAction","target":{"@type":"EntryPoint","urlTemplate":"https:\/\/dubuis-rudaz.ch\/?s={search_term_string}"},"query-input":{"@type":"PropertyValueSpecification","valueRequired":true,"valueName":"search_term_string"}}],"inLanguage":"de"},{"@type":"Organization","@id":"https:\/\/dubuis-rudaz.ch\/#organization","name":"Dubuis Rudaz Weine - Sion","url":"https:\/\/dubuis-rudaz.ch\/","logo":{"@type":"ImageObject","inLanguage":"de","@id":"https:\/\/dubuis-rudaz.ch\/#\/schema\/logo\/image\/","url":"https:\/\/dubuis-rudaz.ch\/wp-content\/uploads\/2021\/08\/favicon.png","contentUrl":"https:\/\/dubuis-rudaz.ch\/wp-content\/uploads\/2021\/08\/favicon.png","width":501,"height":501,"caption":"Dubuis Rudaz Vins - Sion"},"image":{"@id":"https:\/\/dubuis-rudaz.ch\/#\/schema\/logo\/image\/"}}]}},"_links":{"self":[{"href":"https:\/\/dubuis-rudaz.ch\/de\/wp-json\/wp\/v2\/pages\/4909","targetHints":{"allow":["GET"]}}],"collection":[{"href":"https:\/\/dubuis-rudaz.ch\/de\/wp-json\/wp\/v2\/pages"}],"about":[{"href":"https:\/\/dubuis-rudaz.ch\/de\/wp-json\/wp\/v2\/types\/page"}],"author":[{"embeddable":true,"href":"https:\/\/dubuis-rudaz.ch\/de\/wp-json\/wp\/v2\/users\/1"}],"replies":[{"embeddable":true,"href":"https:\/\/dubuis-rudaz.ch\/de\/wp-json\/wp\/v2\/comments?post=4909"}],"version-history":[{"count":4,"href":"https:\/\/dubuis-rudaz.ch\/de\/wp-json\/wp\/v2\/pages\/4909\/revisions"}],"predecessor-version":[{"id":4919,"href":"https:\/\/dubuis-rudaz.ch\/de\/wp-json\/wp\/v2\/pages\/4909\/revisions\/4919"}],"wp:attachment":[{"href":"https:\/\/dubuis-rudaz.ch\/de\/wp-json\/wp\/v2\/media?parent=4909"}],"curies":[{"name":"wp","href":"https:\/\/api.w.org\/{rel}","templated":true}]}}